{"id":1145,"date":"2019-03-22T22:39:20","date_gmt":"2019-03-22T21:39:20","guid":{"rendered":"http:\/\/pilafestival.com\/english\/?page_id=1145"},"modified":"2021-08-13T21:04:58","modified_gmt":"2021-08-13T19:04:58","slug":"piotr-kopczynski","status":"publish","type":"page","link":"https:\/\/pilafestival.com\/english\/piotr-kopczynski\/","title":{"rendered":"Piotr Kopczy\u0144ski"},"content":{"rendered":"<div id=\"dslc-main\">\r\n\t\t<div  class=\"dslc-modules-section \" style=\"\" data-section-id=\"08e46d41e92\">\r\n\t\t\t\t\r\n\t\t\t\t\r\n\t\t\t\t<div class=\"dslc-modules-section-wrapper dslc-clearfix\"><div class=\"dslc-modules-area dslc-col dslc-12-col dslc-last-col dslc-valign- \" data-size=\"12\" data-valign=\"\">\r\n\t\t<div id=\"dslc-module-fee751f435f\" class=\"dslc-module-front dslc-module-DSLC_Image dslc-in-viewport-check dslc-in-viewport-anim-none  dslc-col dslc-12-col dslc-last-col  dslc-module-handle-like-regular \" data-module-id=\"fee751f435f\" data-module=\"DSLC_Image\" data-dslc-module-size=\"12\" data-dslc-anim=\"none\" data-dslc-anim-delay=\"\" data-dslc-anim-duration=\"650\"  data-dslc-anim-easing=\"ease\" data-dslc-preset=\"none\" >\r\n\r\n\t\t\t\r\n\t\t\t\r\n\t\t\t\t<div class=\"dslc-image-container\">\r\n\t\t<div class=\"dslc-image\">\r\n\r\n\t\t\t\r\n\t\t\t\t\r\n\t\t\t\t\t\t\t\t\t<img src=\"https:\/\/pilafestival.com\/english\/wp-content\/uploads\/sites\/2\/2018\/05\/Piotr_Kopczynski.jpg\" alt=\"\" title=\"\" srcset=\"https:\/\/pilafestival.com\/english\/wp-content\/uploads\/sites\/2\/2018\/05\/Piotr_Kopczynski.jpg 250w, https:\/\/pilafestival.com\/english\/wp-content\/uploads\/sites\/2\/2018\/05\/Piotr_Kopczynski-150x150.jpg 150w\" sizes=\"(max-width: 250px) 100vw, 250px\" \/>\r\n\t\t\t\t\r\n\t\t\t\t\t\t\t\t\t<\/div><!-- .dslc-image -->\r\n\t\t<\/div>\r\n\t\t\r\n\t\t\t\t<\/div><!-- .dslc-module -->\r\n\t\t<\/div><\/div><\/div>\r\n\t\t<div  class=\"dslc-modules-section \" style=\"\" data-section-id=\"08e46d41e92\">\r\n\t\t\t\t\r\n\t\t\t\t\r\n\t\t\t\t<div class=\"dslc-modules-section-wrapper dslc-clearfix\"><div class=\"dslc-modules-area dslc-col dslc-12-col dslc-last-col dslc-valign- \" data-size=\"12\" data-valign=\"\">\r\n\t\t<div id=\"dslc-module-063cdd954e6\" class=\"dslc-module-front dslc-module-DSLC_TP_Title dslc-in-viewport-check dslc-in-viewport-anim-none  dslc-col dslc-12-col dslc-last-col  dslc-module-handle-like-regular \" data-module-id=\"063cdd954e6\" data-module=\"DSLC_TP_Title\" data-dslc-module-size=\"12\" data-dslc-anim=\"none\" data-dslc-anim-delay=\"\" data-dslc-anim-duration=\"650\"  data-dslc-anim-easing=\"ease\" data-dslc-preset=\"none\" >\r\n\r\n\t\t\t\r\n\t\t\t\r\n\t\t\r\n\t\t\t\t<div class=\"dslc-tp-title\"><h1>Piotr Kopczy\u0144ski<\/h1><\/div>\r\n\r\n\t\t\t\r\n\t\t\t\t<\/div><!-- .dslc-module -->\r\n\t\t<\/div><\/div><\/div>\r\n\t\t<div  class=\"dslc-modules-section \" style=\"\" data-section-id=\"40440c13f65\">\r\n\t\t\t\t\r\n\t\t\t\t\r\n\t\t\t\t<div class=\"dslc-modules-section-wrapper dslc-clearfix\"><div class=\"dslc-modules-area dslc-col dslc-12-col dslc-last-col dslc-valign- \" data-size=\"12\" data-valign=\"\">\r\n\t\t<div id=\"dslc-module-e7d18a2a610\" class=\"dslc-module-front dslc-module-DSLC_Text_Simple dslc-in-viewport-check dslc-in-viewport-anim-none  dslc-col dslc-12-col dslc-last-col  dslc-module-handle-like-regular \" data-module-id=\"e7d18a2a610\" data-module=\"DSLC_Text_Simple\" data-dslc-module-size=\"12\" data-dslc-anim=\"none\" data-dslc-anim-delay=\"\" data-dslc-anim-duration=\"650\"  data-dslc-anim-easing=\"ease\" data-dslc-preset=\"none\" >\r\n\r\n\t\t\t\r\n\t\t\t\r\n\t\t\r\n\t\t<div class=\"dslc-text-module-content\">\r\n\t\t\t<div class=\"maincontent\"><div class=\"item-page\"><div class=\"dslc-accordion-content\"><div class=\"dslca-editable-content\"><p>He's a favorite platforming partner for best young soloists in Poland. As a chamber musician he performed with such artists as: Katarzyna Budnik - Ga\u0142\u0105zka, Magdalena Bojanowicz, Andrzej Bauer, Ryszard Groblewski, Wojciech Koprowski, Rafa\u0142 Kwiatkowski, Grzegorz Skrobi\u0144ski, Janusz Wawrowski.<\/p><p>He is the winner of national and international piano competitions, among others, Karol Szymanowski International Competition in Lodz, Kiejstut Bacewicz International Competition of Chamber Music.<\/p><p>As a soloist and chamber musician has performed in many prestigious concert halls in the country and abroad, all of which may be mentioned: the National Philharmonic in Warsaw, Arthur Rubinstein`s Philharmonia in Lodz, Witold Lutoslawski Studio Concert Hall in Warsaw, Lviv Philharmonic, The National Philharmonic in Kiev, Universit\u00e4t der K\u00fcnste in Berlin, Concert Studio Hall of Polish Radio in Katowice.<\/p><p>He participated in performances and premieres of composers of the younger generation such as Dariusz Przybylski and Kamil Kosecki. He honed his skills at master courses in the country and abroad with such authorities in the field of music as Arie Vardi, Viera Gornostaeva, Alexiej Orlowiecki, John O'Connor, Kevin Kenner, Vitaly Samoshko.<\/p><p>Piotr Kopczynski was a scholar of the National Children's Fund, the Ministry of Culture and the Arts, and twice winner of \"Musical Youth Forum\" Austrian Cultural Forum in Warsaw. From 2012, he is a lecturer at the University of Music in Warsaw Frederic Chopin, his alma mater, from which he graduated in 2008 in the class of prof. Peter Paleczny and chamber music in the class of prof. Mai Nosowska.<\/p><\/div><\/div><\/div><\/div>\t\t<\/div>\r\n\r\n\t\t\r\n\t\t\t\t<\/div><!-- .dslc-module -->\r\n\t\t<\/div><\/div><\/div><\/div>","protected":false},"excerpt":{"rendered":"<p>Piotr Kopczy\u0144ski He&#8217;s a favorite platforming partner for best young soloists in Poland. As a chamber musician he performed with such artists as: Katarzyna Budnik &#8211; Ga\u0142\u0105zka, Magdalena Bojanowicz, Andrzej Bauer, Ryszard Groblewski, Wojciech Koprowski, Rafa\u0142 Kwiatkowski, Grzegorz Skrobi\u0144ski, Janusz Wawrowski.He is the winner of national and international piano competitions, among others, Karol Szymanowski International [&hellip;]<\/p>\n","protected":false},"author":1,"featured_media":0,"parent":0,"menu_order":0,"comment_status":"closed","ping_status":"closed","template":"","meta":[],"_links":{"self":[{"href":"https:\/\/pilafestival.com\/english\/wp-json\/wp\/v2\/pages\/1145"}],"collection":[{"href":"https:\/\/pilafestival.com\/english\/wp-json\/wp\/v2\/pages"}],"about":[{"href":"https:\/\/pilafestival.com\/english\/wp-json\/wp\/v2\/types\/page"}],"author":[{"embeddable":true,"href":"https:\/\/pilafestival.com\/english\/wp-json\/wp\/v2\/users\/1"}],"replies":[{"embeddable":true,"href":"https:\/\/pilafestival.com\/english\/wp-json\/wp\/v2\/comments?post=1145"}],"version-history":[{"count":1,"href":"https:\/\/pilafestival.com\/english\/wp-json\/wp\/v2\/pages\/1145\/revisions"}],"predecessor-version":[{"id":1146,"href":"https:\/\/pilafestival.com\/english\/wp-json\/wp\/v2\/pages\/1145\/revisions\/1146"}],"wp:attachment":[{"href":"https:\/\/pilafestival.com\/english\/wp-json\/wp\/v2\/media?parent=1145"}],"curies":[{"name":"wp","href":"https:\/\/api.w.org\/{rel}","templated":true}]}}