{"id":1147,"date":"2019-03-22T22:39:40","date_gmt":"2019-03-22T21:39:40","guid":{"rendered":"http:\/\/pilafestival.com\/english\/?page_id=1147"},"modified":"2021-07-28T08:34:47","modified_gmt":"2021-07-28T06:34:47","slug":"grzegorz-skrobisnki","status":"publish","type":"page","link":"https:\/\/pilafestival.com\/english\/grzegorz-skrobisnki\/","title":{"rendered":"Grzegorz Skrobi\u015bnki"},"content":{"rendered":"<div id=\"dslc-main\">\r\n\t\t<div  class=\"dslc-modules-section \" style=\"\" data-section-id=\"ba86479eb38\">\r\n\t\t\t\t\r\n\t\t\t\t\r\n\t\t\t\t<div class=\"dslc-modules-section-wrapper dslc-clearfix\"><div class=\"dslc-modules-area dslc-col dslc-12-col dslc-last-col dslc-valign- \" data-size=\"12\" data-valign=\"\">\r\n\t\t<div id=\"dslc-module-129a16a7b56\" class=\"dslc-module-front dslc-module-DSLC_Image dslc-in-viewport-check dslc-in-viewport-anim-none  dslc-col dslc-12-col dslc-last-col  dslc-module-handle-like-regular \" data-module-id=\"129a16a7b56\" data-module=\"DSLC_Image\" data-dslc-module-size=\"12\" data-dslc-anim=\"none\" data-dslc-anim-delay=\"\" data-dslc-anim-duration=\"650\"  data-dslc-anim-easing=\"ease\" data-dslc-preset=\"none\" >\r\n\r\n\t\t\t\r\n\t\t\t\r\n\t\t\t\t<div class=\"dslc-image-container\">\r\n\t\t<div class=\"dslc-image\">\r\n\r\n\t\t\t\r\n\t\t\t\t\r\n\t\t\t\t\t\t\t\t\t<img src=\"https:\/\/pilafestival.com\/english\/wp-content\/uploads\/sites\/2\/2021\/07\/greg-umfc.jpg\" alt=\"\" title=\"\" srcset=\"https:\/\/pilafestival.com\/english\/wp-content\/uploads\/sites\/2\/2021\/07\/greg-umfc.jpg 1033w, https:\/\/pilafestival.com\/english\/wp-content\/uploads\/sites\/2\/2021\/07\/greg-umfc-300x298.jpg 300w, https:\/\/pilafestival.com\/english\/wp-content\/uploads\/sites\/2\/2021\/07\/greg-umfc-1024x1018.jpg 1024w, https:\/\/pilafestival.com\/english\/wp-content\/uploads\/sites\/2\/2021\/07\/greg-umfc-150x150.jpg 150w, https:\/\/pilafestival.com\/english\/wp-content\/uploads\/sites\/2\/2021\/07\/greg-umfc-768x764.jpg 768w\" sizes=\"(max-width: 1033px) 100vw, 1033px\" \/>\r\n\t\t\t\t\r\n\t\t\t\t\t\t\t\t\t<\/div><!-- .dslc-image -->\r\n\t\t<\/div>\r\n\t\t\r\n\t\t\t\t<\/div><!-- .dslc-module -->\r\n\t\t<\/div><\/div><\/div>\r\n\t\t<div  class=\"dslc-modules-section \" style=\"\" data-section-id=\"ba86479eb38\">\r\n\t\t\t\t\r\n\t\t\t\t\r\n\t\t\t\t<div class=\"dslc-modules-section-wrapper dslc-clearfix\"><div class=\"dslc-modules-area dslc-col dslc-12-col dslc-last-col dslc-valign- \" data-size=\"12\" data-valign=\"\">\r\n\t\t<div id=\"dslc-module-cc9fa302fab\" class=\"dslc-module-front dslc-module-DSLC_Text_Simple dslc-in-viewport-check dslc-in-viewport-anim-none  dslc-col dslc-12-col dslc-last-col  dslc-module-handle-like-regular \" data-module-id=\"cc9fa302fab\" data-module=\"DSLC_Text_Simple\" data-dslc-module-size=\"12\" data-dslc-anim=\"none\" data-dslc-anim-delay=\"\" data-dslc-anim-duration=\"650\"  data-dslc-anim-easing=\"ease\" data-dslc-preset=\"none\" >\r\n\r\n\t\t\t\r\n\t\t\t\r\n\t\t\r\n\t\t<div class=\"dslc-text-module-content\">\r\n\t\t\t<p><b>GRZEGORZ SKROBI\u0143SKI<\/b><\/p>\t\t<\/div>\r\n\r\n\t\t\r\n\t\t\t\t<\/div><!-- .dslc-module -->\r\n\t\t<\/div><\/div><\/div>\r\n\t\t<div  class=\"dslc-modules-section \" style=\"\" data-section-id=\"ba86479eb38\">\r\n\t\t\t\t\r\n\t\t\t\t\r\n\t\t\t\t<div class=\"dslc-modules-section-wrapper dslc-clearfix\"><div class=\"dslc-modules-area dslc-col dslc-12-col dslc-last-col dslc-valign- \" data-size=\"12\" data-valign=\"\">\r\n\t\t<div id=\"dslc-module-f448d07c4f2\" class=\"dslc-module-front dslc-module-DSLC_Text_Simple dslc-in-viewport-check dslc-in-viewport-anim-none  dslc-col dslc-12-col dslc-last-col  dslc-module-handle-like-regular \" data-module-id=\"f448d07c4f2\" data-module=\"DSLC_Text_Simple\" data-dslc-module-size=\"12\" data-dslc-anim=\"none\" data-dslc-anim-delay=\"\" data-dslc-anim-duration=\"650\"  data-dslc-anim-easing=\"ease\" data-dslc-preset=\"none\" >\r\n\r\n\t\t\t\r\n\t\t\t\r\n\t\t\r\n\t\t<div class=\"dslc-text-module-content\">\r\n\t\t\t<div class=\"maincontent\"><div class=\"item-page\"><div class=\"dslc-accordion-content\"><div class=\"dslca-editable-content\"><p>Graduate of the Karol Szymanowski ZPSM in Warsaw and the Frederic Chopin University of Music in Warsaw as well as an assistant in the Department of Piano Chamber Music at the University. He studied under the guidance of prof. El\u017cbieta Tarnawska, Katarzyna Jankowska-Borzykowska and prof. Andrzej Bauer. Winner of numerous awards in national and international competitions. Awarded the Queen of Belgium Scholarship (2003). Grzegorz has performed at the most prestigious stages in Poland, as well as abroad (in most countries of Europe, Asia and Africa).<\/p><p>He has collaborated with world-renowned teachers such as Boris Berman, Dang Thai Son, Dominique Merlet, Viera Nossina, Ewa Pob\u0142ocka, Andrzej Tatarski, Jerzy Marchwi\u0144ski, Kazimierz Michalik, Erik Tawaststjerna, Oxana Yablonskaya, Hiroko Nakamura, Jacques Rouvier, Sergei Babayan, John O'Connor, Kevin Kenner and with many others. In 2003, he performed with the world-renowned quartet Talich String Quartet performing a quintet by Dvorak A. Also that year he took part in the Chamber Music festival in Waterloo whose participants were amongst others Mischa Maisky, Julian Rachlin, Pinchas Zukermann, Roby Lakatos, Vitaly Samoshko. Grzegorz has performed under the baton of such greats as Ruben Silva (performing Rachmaninoff's Concerto no.2), Szymon Kawalli (performing Concerto for Three Pianos in C by J. S. Bach C), Jan Mi\u0142osz Zarzycki (Triple Concerto in C, Op. 56 L. van Beethoven) and Ernst Kovacic (Concertino for piano trio and orchestra).<\/p><p>On March the 2nd. 2007, Grzegorz performed at the jubilee concert for W\u0142adys\u0142aw Bartoszewski playing amongst others the Second Sonata in B flat op.36 by S. Rachmaninov. He has performed with musicians such as Jakub Jakowicz, Bart\u0142omiej Nizio\u0142, Szymon Krzeszowiec, Urszula Kryger, Lutos\u0142awski Kwartet, Bartosz Bry\u0142a, Piotr Reichert and Sebastian Wypych. Despite his young age he has achieved great successes as a lecturer - his students have gained awards and auditions at competitions both nationwide and internationally . He was also a lecturer in many courses, workshops and masterclasses in Poland: in \u0141a\u0144cut, Kolobrzeg, Zakopane, Pile, Ksi\u0105\u017c, Sagan, Suwalki and many other places.<\/p><p>In 2010 he performed along with actor Krzysztof Kolberger in the show \"Dobry wiecz\u00f3r, Monsieur Chopin\" at the \"Dwa Teatry - Sopot 2010\" Festival.<\/p><\/div><\/div><\/div><\/div>\t\t<\/div>\r\n\r\n\t\t\r\n\t\t\t\t<\/div><!-- .dslc-module -->\r\n\t\t<\/div><\/div><\/div><\/div>","protected":false},"excerpt":{"rendered":"<p>GRZEGORZ SKROBI\u0143SKI Graduate of the Karol Szymanowski ZPSM in Warsaw and the Frederic Chopin University of Music in Warsaw as well as an assistant in the Department of Piano Chamber Music at the University. He studied under the guidance of prof. El\u017cbieta Tarnawska, Katarzyna Jankowska-Borzykowska and prof. Andrzej Bauer. Winner of numerous awards in national [&hellip;]<\/p>\n","protected":false},"author":1,"featured_media":0,"parent":0,"menu_order":0,"comment_status":"closed","ping_status":"closed","template":"","meta":[],"_links":{"self":[{"href":"https:\/\/pilafestival.com\/english\/wp-json\/wp\/v2\/pages\/1147"}],"collection":[{"href":"https:\/\/pilafestival.com\/english\/wp-json\/wp\/v2\/pages"}],"about":[{"href":"https:\/\/pilafestival.com\/english\/wp-json\/wp\/v2\/types\/page"}],"author":[{"embeddable":true,"href":"https:\/\/pilafestival.com\/english\/wp-json\/wp\/v2\/users\/1"}],"replies":[{"embeddable":true,"href":"https:\/\/pilafestival.com\/english\/wp-json\/wp\/v2\/comments?post=1147"}],"version-history":[{"count":1,"href":"https:\/\/pilafestival.com\/english\/wp-json\/wp\/v2\/pages\/1147\/revisions"}],"predecessor-version":[{"id":1148,"href":"https:\/\/pilafestival.com\/english\/wp-json\/wp\/v2\/pages\/1147\/revisions\/1148"}],"wp:attachment":[{"href":"https:\/\/pilafestival.com\/english\/wp-json\/wp\/v2\/media?parent=1147"}],"curies":[{"name":"wp","href":"https:\/\/api.w.org\/{rel}","templated":true}]}}