{"id":1380,"date":"2019-07-22T00:03:46","date_gmt":"2019-07-21T22:03:46","guid":{"rendered":"http:\/\/pilafestival.com\/english\/?page_id=1380"},"modified":"2021-08-13T21:32:04","modified_gmt":"2021-08-13T19:32:04","slug":"polish-soloists-string-orchestra","status":"publish","type":"page","link":"https:\/\/pilafestival.com\/english\/polish-soloists-string-orchestra\/","title":{"rendered":"Polish Soloists String Orchestra"},"content":{"rendered":"<div id=\"dslc-main\">\r\n\t\t<div  class=\"dslc-modules-section \" style=\"\" data-section-id=\"92347882f56\">\r\n\t\t\t\t\r\n\t\t\t\t\r\n\t\t\t\t<div class=\"dslc-modules-section-wrapper dslc-clearfix\"><div class=\"dslc-modules-area dslc-col dslc-12-col dslc-last-col dslc-valign- \" data-size=\"12\" data-valign=\"\">\r\n\t\t<div id=\"dslc-module-a85dd96abf7\" class=\"dslc-module-front dslc-module-DSLC_Image dslc-in-viewport-check dslc-in-viewport-anim-none  dslc-col dslc-12-col dslc-last-col  dslc-module-handle-like-regular \" data-module-id=\"a85dd96abf7\" data-module=\"DSLC_Image\" data-dslc-module-size=\"12\" data-dslc-anim=\"none\" data-dslc-anim-delay=\"\" data-dslc-anim-duration=\"650\"  data-dslc-anim-easing=\"ease\" data-dslc-preset=\"none\" >\r\n\r\n\t\t\t\r\n\t\t\t\r\n\t\t\t\t<div class=\"dslc-image-container\">\r\n\t\t<div class=\"dslc-image\">\r\n\r\n\t\t\t\r\n\t\t\t\t\r\n\t\t\t\t\t\t\t\t\t<img src=\"https:\/\/pilafestival.com\/wp-content\/uploads\/2019\/07\/PSSO-FOTO.jpg\" alt=\"\" title=\"\"   \/>\r\n\t\t\t\t\r\n\t\t\t\t\t\t\t\t\t<\/div><!-- .dslc-image -->\r\n\t\t<\/div>\r\n\t\t\r\n\t\t\t\t<\/div><!-- .dslc-module -->\r\n\t\t<\/div><\/div><\/div>\r\n\t\t<div  class=\"dslc-modules-section \" style=\"\" data-section-id=\"92347882f56\">\r\n\t\t\t\t\r\n\t\t\t\t\r\n\t\t\t\t<div class=\"dslc-modules-section-wrapper dslc-clearfix\"><div class=\"dslc-modules-area dslc-col dslc-12-col dslc-last-col dslc-valign- \" data-size=\"12\" data-valign=\"\">\r\n\t\t<div id=\"dslc-module-66f2d871ee4\" class=\"dslc-module-front dslc-module-DSLC_TP_Title dslc-in-viewport-check dslc-in-viewport-anim-none  dslc-col dslc-12-col dslc-last-col  dslc-module-handle-like-regular \" data-module-id=\"66f2d871ee4\" data-module=\"DSLC_TP_Title\" data-dslc-module-size=\"12\" data-dslc-anim=\"none\" data-dslc-anim-delay=\"\" data-dslc-anim-duration=\"650\"  data-dslc-anim-easing=\"ease\" data-dslc-preset=\"none\" >\r\n\r\n\t\t\t\r\n\t\t\t\r\n\t\t\r\n\t\t\t\t<div class=\"dslc-tp-title\"><h1>Polish Soloists String Orchestra<\/h1><\/div>\r\n\r\n\t\t\t\r\n\t\t\t\t<\/div><!-- .dslc-module -->\r\n\t\t<\/div><\/div><\/div>\r\n\t\t<div  class=\"dslc-modules-section \" style=\"padding-bottom:50px;padding-top:50px;\" data-section-id=\"31ab0a1264f\">\r\n\t\t\t\t\r\n\t\t\t\t\r\n\t\t\t\t<div class=\"dslc-modules-section-wrapper dslc-clearfix\"><div class=\"dslc-modules-area dslc-col dslc-12-col dslc-last-col dslc-valign- \" data-size=\"12\" data-valign=\"\">\r\n\t\t<div id=\"dslc-module-5fc338845ef\" class=\"dslc-module-front dslc-module-DSLC_Text_Simple dslc-in-viewport-check dslc-in-viewport-anim-none  dslc-col dslc-12-col dslc-last-col  dslc-module-handle-like-regular \" data-module-id=\"5fc338845ef\" data-module=\"DSLC_Text_Simple\" data-dslc-module-size=\"12\" data-dslc-anim=\"none\" data-dslc-anim-delay=\"\" data-dslc-anim-duration=\"650\"  data-dslc-anim-easing=\"ease\" data-dslc-preset=\"none\" >\r\n\r\n\t\t\t\r\n\t\t\t\r\n\t\t\r\n\t\t<div class=\"dslc-text-module-content\">\r\n\t\t\t<p>The orchestra was founded in 2018 on the initiative of Sebastian Czaja, who is the director and concertmaster of the orchestra.<\/p><p>Polish Soloists is a group of outstanding, passionate Polish artists of the young generation. Polish Soloists is a synonym of a new quality and direction in the contemporary form of the concert. All Polish Soloists musicians are soloists, which makes it the first orchestra in Poland with such a unique profile. The artists are laureates of the most prestigious music competitions in the world. They have won a total of over 250 awards at national and international music competitions. A band with such a high level of performance gives practically unlimited possibilities in choosing a concert repertoire, which is used by both the musicians and the audience.<\/p><p>The artistic direction of the orchestra is held by an outstanding Polish violinist, Celina Kotz. The orchestra consists of artists such as R. Kwa\u015bnikowska, S. Wilga, S. \u015alubowska, M. Gidaszewska, A. Krzy\u017cak, P. Czarny, Z. Sosnowska, K. Wi\u015bniewska and J. Lewandowski. The repertoire of Polish Soloists includes well-known compositions by world-renowned composers, as well as contemporary pieces. The orchestra has had the Polish premiere of a composition by M. Richter.<\/p><p>Polish Soloists has collaborated with outstanding artists, incl. Marcin Zdunik, Danjulo Ishizaka, Bart\u0142omiej Nizio\u0142 and Alexander Sitkovetsky. They have performances all over the country, incl. At the Royal Castle in Warsaw, the inauguration of the Pila Festival, the International Festival of Young Music Competition Laureates, the Romantic Music Festival, the Polish Radio Concert Studio or the Night of Museums at Jaga Hupa\u0142o's Studio.<\/p>\t\t<\/div>\r\n\r\n\t\t\r\n\t\t\t\t<\/div><!-- .dslc-module -->\r\n\t\t<\/div><\/div><\/div><\/div>","protected":false},"excerpt":{"rendered":"<p>Polish Soloists String Orchestra The orchestra was founded in 2018 on the initiative of Sebastian Czaja, who is the director and concertmaster of the orchestra.Polish Soloists is a group of outstanding, passionate Polish artists of the young generation. Polish Soloists is a synonym of a new quality and direction in the contemporary form of the [&hellip;]<\/p>\n","protected":false},"author":1,"featured_media":0,"parent":0,"menu_order":0,"comment_status":"closed","ping_status":"closed","template":"","meta":[],"_links":{"self":[{"href":"https:\/\/pilafestival.com\/english\/wp-json\/wp\/v2\/pages\/1380"}],"collection":[{"href":"https:\/\/pilafestival.com\/english\/wp-json\/wp\/v2\/pages"}],"about":[{"href":"https:\/\/pilafestival.com\/english\/wp-json\/wp\/v2\/types\/page"}],"author":[{"embeddable":true,"href":"https:\/\/pilafestival.com\/english\/wp-json\/wp\/v2\/users\/1"}],"replies":[{"embeddable":true,"href":"https:\/\/pilafestival.com\/english\/wp-json\/wp\/v2\/comments?post=1380"}],"version-history":[{"count":1,"href":"https:\/\/pilafestival.com\/english\/wp-json\/wp\/v2\/pages\/1380\/revisions"}],"predecessor-version":[{"id":1381,"href":"https:\/\/pilafestival.com\/english\/wp-json\/wp\/v2\/pages\/1380\/revisions\/1381"}],"wp:attachment":[{"href":"https:\/\/pilafestival.com\/english\/wp-json\/wp\/v2\/media?parent=1380"}],"curies":[{"name":"wp","href":"https:\/\/api.w.org\/{rel}","templated":true}]}}