{"id":15,"date":"2018-04-24T12:03:00","date_gmt":"2018-04-24T10:03:00","guid":{"rendered":"http:\/\/pilafestival.com\/english\/?page_id=15"},"modified":"2018-04-24T12:03:00","modified_gmt":"2018-04-24T10:03:00","slug":"kontakt","status":"publish","type":"page","link":"https:\/\/pilafestival.com\/english\/kontakt\/","title":{"rendered":"Kontakt"},"content":{"rendered":"<div id=\"dslc-main\">\r\n\t\t<div  class=\"dslc-modules-section  dslc-full  dslc-no-columns-spacing \" style=\"padding-bottom:0px;padding-top:0px;\" data-section-id=\"de3cd8759c4\">\r\n\t\t\t\t\r\n\t\t\t\t\r\n\t\t\t\t<div class=\"dslc-modules-section-wrapper dslc-clearfix\"><div class=\"dslc-modules-area dslc-col dslc-12-col dslc-last-col\" data-size=\"12\" data-valign=\"\">\r\n\t\t<div id=\"dslc-module-b908985125b\" class=\"dslc-module-front dslc-module-DSLC_Shortcode dslc-in-viewport-check dslc-in-viewport-anim-none  dslc-col dslc-12-col dslc-last-col  dslc-module-handle-like-regular \" data-module-id=\"b908985125b\" data-module=\"DSLC_Shortcode\" data-dslc-module-size=\"12\" data-dslc-anim=\"none\" data-dslc-anim-delay=\"\" data-dslc-anim-duration=\"650\"  data-dslc-anim-easing=\"ease\" data-dslc-preset=\"none\" >\r\n\r\n\t\t\t\r\n\t\t\t\r\n\t\t\t\t<div class=\"dslc-module-shortcode\">\r\n\t\t\t<style type=\"text\/css\" id=\"gmpMapStyles_1_32790\">\r\n\t#google_map_easy_1_32790 {\r\n        width: 100%;\r\n        height: 350px;\r\n\t\t\t\t\t\t    }\r\n\t#gmapControlsNum_1_32790 {\r\n\t\twidth:100%\t}\r\n\t.gmpMapDetailsContainer#gmpMapDetailsContainer_1_32790 {\r\n\t\theight:350px;\r\n\t}\r\n\t.gmp_MapPreview#google_map_easy_1_32790 {\r\n\t\t\/*position:absolute;*\/\r\n\t\twidth: 100%;\r\n\t}\r\n\t#mapConElem_1_32790{\r\n\t\twidth: 100%\t}\r\n    .gm-style .gm-style-iw-c{\r\n        padding: 12px!important;\r\n    }\r\n\t    <\/style>\r\n <div class=\"gmp_map_opts\" id=\"mapConElem_1_32790\" data-id=\"1\" data-view-id=\"1_32790\" > <div class=\"gmpMapDetailsContainer\" id=\"gmpMapDetailsContainer_1_32790\"> <i class=\"gmpKMLLayersPreloader fa fa-spinner fa-spin\" aria-hidden=\"true\" style=\"display: none;\"><\/i> <div class=\"gmp_MapPreview \" id=\"google_map_easy_1_32790\"><\/div> <\/div> <div class=\"gmpMapMarkerFilters\" id=\"gmpMapMarkerFilters_1_32790\"> <\/div> <div class=\"gmpMapProControlsCon\" id=\"gmpMapProControlsCon_1_32790\"> <\/div> <div class=\"gmpMapProDirectionsCon\" id=\"gmpMapProDirectionsCon_1_32790\" > <\/div> <div class=\"gmpMapProKmlFilterCon\" id=\"gmpMapProKmlFilterCon_1_32790\" > <\/div> <div class=\"gmpSocialSharingShell gmpSocialSharingShell_1_32790\"> <\/div> <div style=\"clear: both;\"><\/div> <\/div> \t\t<\/div>\r\n\t\t\r\n\t\t\t\t<\/div><!-- .dslc-module -->\r\n\t\t<\/div><\/div><\/div>\r\n\t\t<div  class=\"dslc-modules-section \" style=\"\" data-section-id=\"c317fb94d79\">\r\n\t\t\t\t\r\n\t\t\t\t\r\n\t\t\t\t<div class=\"dslc-modules-section-wrapper dslc-clearfix\"><div class=\"dslc-modules-area dslc-col dslc-12-col dslc-last-col\" data-size=\"12\" data-valign=\"\">\r\n\t\t<div id=\"dslc-module-bv3i9o641qo\" class=\"dslc-module-front dslc-module-DSLC_Text_Simple dslc-in-viewport-check dslc-in-viewport-anim-none  dslc-col dslc-12-col dslc-last-col  dslc-module-handle-like-regular \" data-module-id=\"bv3i9o641qo\" data-module=\"DSLC_Text_Simple\" data-dslc-module-size=\"12\" data-dslc-anim=\"none\" data-dslc-anim-delay=\"\" data-dslc-anim-duration=\"650\"  data-dslc-anim-easing=\"ease\" data-dslc-preset=\"none\" >\r\n\r\n\t\t\t\r\n\t\t\t\r\n\t\t\r\n\t\t<div class=\"dslc-text-module-content\">\r\n\t\t\t<p>KONTAKT<\/p>\t\t<\/div>\r\n\r\n\t\t\r\n\t\t\t\t<\/div><!-- .dslc-module -->\r\n\t\t\r\n\t\t<div id=\"dslc-module-kmqsci5l4po\" class=\"dslc-module-front dslc-module-DSLC_Text_Simple dslc-in-viewport-check dslc-in-viewport-anim-none  dslc-col dslc-12-col dslc-last-col  dslc-module-handle-like-regular \" data-module-id=\"kmqsci5l4po\" data-module=\"DSLC_Text_Simple\" data-dslc-module-size=\"12\" data-dslc-anim=\"none\" data-dslc-anim-delay=\"\" data-dslc-anim-duration=\"650\"  data-dslc-anim-easing=\"ease\" data-dslc-preset=\"none\" >\r\n\r\n\t\t\t\r\n\t\t\t\r\n\t\t\r\n\t\t<div class=\"dslc-text-module-content\">\r\n\t\t\t<div class=\"maincontent\"><div class=\"item-page\"><p>From the very beginning the festival has taken place in Poland, in a picturesque town Pila by the river Gwda.<\/p><\/div><\/div>\t\t<\/div>\r\n\r\n\t\t\r\n\t\t\t\t<\/div><!-- .dslc-module -->\r\n\t\t<\/div><div class=\"dslc-modules-area dslc-col dslc-5-col dslc-first-col\" data-size=\"5\" data-valign=\"\">\r\n\t\t<div id=\"dslc-module-f86628c34fa\" class=\"dslc-module-front dslc-module-DSLC_Icon dslc-in-viewport-check dslc-in-viewport-anim-none  dslc-col dslc-2-col  dslc-module-handle-like-regular \" data-module-id=\"f86628c34fa\" data-module=\"DSLC_Icon\" data-dslc-module-size=\"2\" data-dslc-anim=\"none\" data-dslc-anim-delay=\"\" data-dslc-anim-duration=\"650\"  data-dslc-anim-easing=\"ease\" data-dslc-preset=\"none\" >\r\n\r\n\t\t\t\r\n\t\t\t\r\n\t\t\t\t\t\r\n\t\t\t<div class=\"dslc-micon-module\">\r\n\t\t\t\t\t\t\t\t\t<span class=\"dslc-icon dslc-icon-phone\"><\/span>\t\r\n\t\t\t\t\t\t\t<\/div><!-- .dslc-micon-module -->\r\n\r\n\t\t\r\n\t\t\t\t<\/div><!-- .dslc-module -->\r\n\t\t\r\n\t\t<div id=\"dslc-module-b27c13d8cdb\" class=\"dslc-module-front dslc-module-DSLC_Text_Simple dslc-in-viewport-check dslc-in-viewport-anim-none  dslc-col dslc-10-col dslc-last-col  dslc-module-handle-like-regular \" data-module-id=\"b27c13d8cdb\" data-module=\"DSLC_Text_Simple\" data-dslc-module-size=\"10\" data-dslc-anim=\"none\" data-dslc-anim-delay=\"\" data-dslc-anim-duration=\"650\"  data-dslc-anim-easing=\"ease\" data-dslc-preset=\"none\" >\r\n\r\n\t\t\t\r\n\t\t\t\r\n\t\t\r\n\t\t<div class=\"dslc-text-module-content\">\r\n\t\t\t<div class=\"maincontent\"><div class=\"item-page\"><p>Andrzej Czaja - Director<br>Telefon: +48 608 30 65 90<\/p><\/div><\/div>\t\t<\/div>\r\n\r\n\t\t\r\n\t\t\t\t<\/div><!-- .dslc-module -->\r\n\t\t\r\n\t\t<div id=\"dslc-module-ba4f6344d65\" class=\"dslc-module-front dslc-module-DSLC_Separator dslc-in-viewport-check dslc-in-viewport-anim-none  dslc-col dslc-12-col dslc-last-col  dslc-module-handle-like-regular \" data-module-id=\"ba4f6344d65\" data-module=\"DSLC_Separator\" data-dslc-module-size=\"12\" data-dslc-anim=\"none\" data-dslc-anim-delay=\"\" data-dslc-anim-duration=\"650\"  data-dslc-anim-easing=\"ease\" data-dslc-preset=\"none\" >\r\n\r\n\t\t\t\r\n\t\t\t\r\n\t\t\t\t\t<div class=\"dslc-separator-wrapper\">\r\n\t\t\t\t<div class=\"dslc-separator dslc-separator-style-invisible\">\r\n\t\t\t\t\t\t\t\t\t<\/div>\r\n\t\t\t\t<div><\/div>\r\n\t\t\t<\/div><!-- .dslc-separator-wrapper -->\r\n\t\t\t\r\n\t\t\t\t<\/div><!-- .dslc-module -->\r\n\t\t\r\n\t\t<div id=\"dslc-module-j4agj05o02o\" class=\"dslc-module-front dslc-module-DSLC_Icon dslc-in-viewport-check dslc-in-viewport-anim-none  dslc-col dslc-2-col  dslc-module-handle-like-regular \" data-module-id=\"j4agj05o02o\" data-module=\"DSLC_Icon\" data-dslc-module-size=\"2\" data-dslc-anim=\"none\" data-dslc-anim-delay=\"\" data-dslc-anim-duration=\"650\"  data-dslc-anim-easing=\"ease\" data-dslc-preset=\"none\" >\r\n\r\n\t\t\t\r\n\t\t\t\r\n\t\t\t\t\t\r\n\t\t\t<div class=\"dslc-micon-module\">\r\n\t\t\t\t\t\t\t\t\t<span class=\"dslc-icon dslc-icon-phone\"><\/span>\t\r\n\t\t\t\t\t\t\t<\/div><!-- .dslc-micon-module -->\r\n\r\n\t\t\r\n\t\t\t\t<\/div><!-- .dslc-module -->\r\n\t\t\r\n\t\t<div id=\"dslc-module-foo180pl31o\" class=\"dslc-module-front dslc-module-DSLC_Text_Simple dslc-in-viewport-check dslc-in-viewport-anim-none  dslc-col dslc-10-col dslc-last-col  dslc-module-handle-like-regular \" data-module-id=\"foo180pl31o\" data-module=\"DSLC_Text_Simple\" data-dslc-module-size=\"10\" data-dslc-anim=\"none\" data-dslc-anim-delay=\"\" data-dslc-anim-duration=\"650\"  data-dslc-anim-easing=\"ease\" data-dslc-preset=\"none\" >\r\n\r\n\t\t\t\r\n\t\t\t\r\n\t\t\r\n\t\t<div class=\"dslc-text-module-content\">\r\n\t\t\t<div class=\"maincontent\"><div class=\"item-page\"><p>Kamila Wi\u015bniewska - Czaja - Coordinator<br>Telefon: +48 604 77 68 64<\/p><\/div><\/div>\t\t<\/div>\r\n\r\n\t\t\r\n\t\t\t\t<\/div><!-- .dslc-module -->\r\n\t\t\r\n\t\t<div id=\"dslc-module-oau0k0u605o\" class=\"dslc-module-front dslc-module-DSLC_Separator dslc-in-viewport-check dslc-in-viewport-anim-none  dslc-col dslc-12-col dslc-last-col  dslc-module-handle-like-regular \" data-module-id=\"oau0k0u605o\" data-module=\"DSLC_Separator\" data-dslc-module-size=\"12\" data-dslc-anim=\"none\" data-dslc-anim-delay=\"\" data-dslc-anim-duration=\"650\"  data-dslc-anim-easing=\"ease\" data-dslc-preset=\"none\" >\r\n\r\n\t\t\t\r\n\t\t\t\r\n\t\t\t\t\t<div class=\"dslc-separator-wrapper\">\r\n\t\t\t\t<div class=\"dslc-separator dslc-separator-style-invisible\">\r\n\t\t\t\t\t\t\t\t\t<\/div>\r\n\t\t\t\t<div><\/div>\r\n\t\t\t<\/div><!-- .dslc-separator-wrapper -->\r\n\t\t\t\r\n\t\t\t\t<\/div><!-- .dslc-module -->\r\n\t\t\r\n\t\t<div id=\"dslc-module-gp6vscviej8\" class=\"dslc-module-front dslc-module-DSLC_Icon dslc-in-viewport-check dslc-in-viewport-anim-none  dslc-col dslc-2-col  dslc-module-handle-like-regular \" data-module-id=\"gp6vscviej8\" data-module=\"DSLC_Icon\" data-dslc-module-size=\"2\" data-dslc-anim=\"none\" data-dslc-anim-delay=\"\" data-dslc-anim-duration=\"650\"  data-dslc-anim-easing=\"ease\" data-dslc-preset=\"none\" >\r\n\r\n\t\t\t\r\n\t\t\t\r\n\t\t\t\t\t\r\n\t\t\t<div class=\"dslc-micon-module\">\r\n\t\t\t\t\t\t\t\t\t<span class=\"dslc-icon dslc-icon-envelope\"><\/span>\t\r\n\t\t\t\t\t\t\t<\/div><!-- .dslc-micon-module -->\r\n\r\n\t\t\r\n\t\t\t\t<\/div><!-- .dslc-module -->\r\n\t\t\r\n\t\t<div id=\"dslc-module-fn5sk9f943o\" class=\"dslc-module-front dslc-module-DSLC_Text_Simple dslc-in-viewport-check dslc-in-viewport-anim-none  dslc-col dslc-10-col dslc-last-col  dslc-module-handle-like-regular \" data-module-id=\"fn5sk9f943o\" data-module=\"DSLC_Text_Simple\" data-dslc-module-size=\"10\" data-dslc-anim=\"none\" data-dslc-anim-delay=\"\" data-dslc-anim-duration=\"650\"  data-dslc-anim-easing=\"ease\" data-dslc-preset=\"none\" >\r\n\r\n\t\t\t\r\n\t\t\t\r\n\t\t\r\n\t\t<div class=\"dslc-text-module-content\">\r\n\t\t\t<div class=\"maincontent\"><div class=\"item-page\"><p>Email: \u00a0\u00a0<a href=\"mailto:info@masterclass-pila.pl\">info@masterclass-pila.pl<\/a><br>Facebook: \u00a0<a href=\"http:\/\/www.facebook.com\/pages\/Music-Festival-Master-Class\/105866179442438\">\u00a0Pi\u0142a Festival & Academy<\/a><\/p><\/div><\/div>\t\t<\/div>\r\n\r\n\t\t\r\n\t\t\t\t<\/div><!-- .dslc-module -->\r\n\t\t<\/div><div class=\"dslc-modules-area dslc-col dslc-7-col dslc-last-col\" data-size=\"7\" data-valign=\"\">\r\n\t\t<div id=\"dslc-module-527878ff1fb\" class=\"dslc-module-front dslc-module-DSLC_Shortcode dslc-in-viewport-check dslc-in-viewport-anim-none  dslc-col dslc-12-col dslc-last-col  dslc-module-handle-like-regular \" data-module-id=\"527878ff1fb\" data-module=\"DSLC_Shortcode\" data-dslc-module-size=\"12\" data-dslc-anim=\"none\" data-dslc-anim-delay=\"\" data-dslc-anim-duration=\"650\"  data-dslc-anim-easing=\"ease\" data-dslc-preset=\"none\" >\r\n\r\n\t\t\t\r\n\t\t\t\r\n\t\t\t\t<div class=\"dslc-module-shortcode\">\r\n\t\t\t\n\t\t\t<div class=\"ccf-form-wrapper form-id-203\" data-form-id=\"203\">\n\t\t\t\t<form  class=\"ccf-form ccf-theme-default\" method=\"post\" action=\"?v=1777322036\" data-form-id=\"203\">\n\n\t\t\t\t\t\t\t\t\t\t\t\t\t\t\t\t\n\t\t\t\t\t\n\t\t\t\t\t\n\t\t<div data-field-type=\"single-line-text\" data-field-slug=\"single-line-text-1\" class=\"form-group  field single-line-text-1 field-type-single-line-text field-974  \">\n\t\t\t<label class=\"main-label\" for=\"ccf_field_single-line-text-1\">\n\t\t\t\t\t\t\t\t\t\t\t<\/label>\n\t\t\t<input class=\"form-control  field-input\"  type=\"text\" name=\"ccf_field_single-line-text-1\" id=\"ccf_field_single-line-text-1\" placeholder=\"Imi\u0119 i nazwisko\" value=\"\">\n\n\t\t\t\n\t\t\t\t\t<\/div>\n\n\t\t\n\t\t<div data-field-type=\"email\" data-field-slug=\"email-2\" class=\"form-group  field email-2 field-type-email field-975  \">\n\t\t\t<label class=\"main-label\" for=\"ccf_field_email-2\">\n\t\t\t\t\t\t\t\t\t\t\t<\/label>\n\t\t\t\t\t\t\t<input class=\"form-control  field-input\"  name=\"ccf_field_email-2\" id=\"ccf_field_email-2\"  placeholder=\"Adres e-mail\" type=\"text\" value=\"\">\n\t\t\t\t\t\t\t\n\t\t\t\t\t<\/div>\n\n\t\t\n\t\t<div data-field-type=\"single-line-text\" data-field-slug=\"single-line-text-3\" class=\"form-group  field single-line-text-3 field-type-single-line-text field-976  \">\n\t\t\t<label class=\"main-label\" for=\"ccf_field_single-line-text-3\">\n\t\t\t\t\t\t\t\t\t\t\t<\/label>\n\t\t\t<input class=\"form-control  field-input\"  type=\"text\" name=\"ccf_field_single-line-text-3\" id=\"ccf_field_single-line-text-3\" placeholder=\"Numer telefonu\" value=\"\">\n\n\t\t\t\n\t\t\t\t\t<\/div>\n\n\t\t\n\t\t<div data-field-type=\"paragraph-text\" data-field-slug=\"paragraph-text-4\" class=\"form-group  field paragraph-text-4 field-type-paragraph-text field-977  \">\n\t\t\t<label class=\"main-label\" for=\"ccf_field_paragraph-text-4\">\n\t\t\t\t\t\t\t\t\t\t\t<\/label>\n\t\t\t<textarea class=\"form-control  field-input\"  name=\"ccf_field_paragraph-text-4\" id=\"ccf_field_paragraph-text-4\" placeholder=\"Tre\u015b\u0107 wiadomo\u015bci\"><\/textarea>\n\n\t\t\t\n\t\t\t\t\t<\/div>\n\n\t\t\n\t\t\t\t\t<div class=\"form-submit \">\n\t\t\t\t\t\t<input type=\"submit\" class=\"btn btn-primary ccf-submit-button\" value=\"Wy\u015blij\">\n\t\t\t\t\t\t<img class=\"loading-img\" src=\"https:\/\/pilafestival.com\/english\/wp-admin\/images\/wpspin_light.gif\">\n\t\t\t\t\t<\/div>\n\n\t\t\t\t\t<script type=\"text\/javascript\">\n\t\t\t\t\twindow.wp = window.wp || {};\n\t\t\t\t\twp.ccf = wp.ccf || {};\n\t\t\t\t\twp.ccf.conditionals = wp.ccf.conditionals || [];\n\t\t\t\t\twp.ccf.conditionals[203] = [];\n\t\t\t\t\t<\/script>\n\n\t\t\t\t\t<input type=\"hidden\" name=\"form_id\" value=\"203\">\n\t\t\t\t\t<input type=\"hidden\" name=\"form_page\" value=\"https:\/\/pilafestival.com\/english\/english\/wp-json\/wp\/v2\/pages\/15\">\n\t\t\t\t\t<input type=\"text\" name=\"my_information\" style=\"display: none;\">\n\t\t\t\t\t<input type=\"hidden\"  name=\"ccf_form\" value=\"1\">\n\t\t\t\t\t<input type=\"hidden\" name=\"form_nonce\" value=\"5691b62652\">\n\t\t\t\t<\/form>\n\n\t\t\t\t<iframe class=\"ccf-form-frame\" id=\"ccf_form_frame_203\" name=\"ccf_form_frame_203\"><\/iframe>\n\t\t\t<\/div>\n\n\t\t\t\t\t<\/div>\r\n\t\t\r\n\t\t\t\t<\/div><!-- .dslc-module -->\r\n\t\t<\/div><\/div><\/div><\/div>","protected":false},"excerpt":{"rendered":"<p>KONTAKT From the very beginning the festival has taken place in Poland, in a picturesque town Pila by the river Gwda. Andrzej Czaja &#8211; DirectorTelefon: +48 608 30 65 90 Kamila Wi\u015bniewska &#8211; Czaja &#8211; CoordinatorTelefon: +48 604 77 68 64 Email: \u00a0\u00a0info@masterclass-pila.plFacebook: \u00a0\u00a0Pi\u0142a Festival &#038; Academy<\/p>\n","protected":false},"author":1,"featured_media":0,"parent":0,"menu_order":0,"comment_status":"closed","ping_status":"closed","template":"","meta":[],"_links":{"self":[{"href":"https:\/\/pilafestival.com\/english\/wp-json\/wp\/v2\/pages\/15"}],"collection":[{"href":"https:\/\/pilafestival.com\/english\/wp-json\/wp\/v2\/pages"}],"about":[{"href":"https:\/\/pilafestival.com\/english\/wp-json\/wp\/v2\/types\/page"}],"author":[{"embeddable":true,"href":"https:\/\/pilafestival.com\/english\/wp-json\/wp\/v2\/users\/1"}],"replies":[{"embeddable":true,"href":"https:\/\/pilafestival.com\/english\/wp-json\/wp\/v2\/comments?post=15"}],"version-history":[{"count":1,"href":"https:\/\/pilafestival.com\/english\/wp-json\/wp\/v2\/pages\/15\/revisions"}],"predecessor-version":[{"id":16,"href":"https:\/\/pilafestival.com\/english\/wp-json\/wp\/v2\/pages\/15\/revisions\/16"}],"wp:attachment":[{"href":"https:\/\/pilafestival.com\/english\/wp-json\/wp\/v2\/media?parent=15"}],"curies":[{"name":"wp","href":"https:\/\/api.w.org\/{rel}","templated":true}]}}