{"id":184,"date":"2018-05-22T12:29:22","date_gmt":"2018-05-22T10:29:22","guid":{"rendered":"http:\/\/pilafestival.com\/english\/?page_id=184"},"modified":"2018-05-22T12:29:22","modified_gmt":"2018-05-22T10:29:22","slug":"idea","status":"publish","type":"page","link":"https:\/\/pilafestival.com\/english\/idea\/","title":{"rendered":"Idea"},"content":{"rendered":"<div id=\"dslc-main\">\r\n\t\t<div  class=\"dslc-modules-section \" style=\"padding-bottom:51px;padding-top:51px;\" data-section-id=\"97cbec58641\">\r\n\t\t\t\t\r\n\t\t\t\t\r\n\t\t\t\t<div class=\"dslc-modules-section-wrapper dslc-clearfix\"><div class=\"dslc-modules-area dslc-col dslc-4-col dslc-first-col\" data-size=\"4\" data-valign=\"\">\r\n\t\t<div id=\"dslc-module-7cbe8d7c365\" class=\"dslc-module-front dslc-module-DSLC_Image dslc-in-viewport-check dslc-in-viewport-anim-none  dslc-col dslc-12-col dslc-last-col  dslc-module-handle-like-regular \" data-module-id=\"7cbe8d7c365\" data-module=\"DSLC_Image\" data-dslc-module-size=\"12\" data-dslc-anim=\"none\" data-dslc-anim-delay=\"\" data-dslc-anim-duration=\"650\"  data-dslc-anim-easing=\"ease\" data-dslc-preset=\"none\" >\r\n\r\n\t\t\t\r\n\t\t\t\r\n\t\t\t\t<div class=\"dslc-image-container\">\r\n\t\t<div class=\"dslc-image\">\r\n\r\n\t\t\t\r\n\t\t\t\t\r\n\t\t\t\t\t\t\t\t\t<img src=\"https:\/\/pilafestival.com\/english\/wp-content\/uploads\/sites\/2\/2019\/03\/Marcin-Z-09-350x521.jpg\" alt=\"\" title=\"\" srcset=\"https:\/\/pilafestival.com\/english\/wp-content\/uploads\/sites\/2\/2019\/03\/Marcin-Z-09.jpg 805w, https:\/\/pilafestival.com\/english\/wp-content\/uploads\/sites\/2\/2019\/03\/Marcin-Z-09-201x300.jpg 201w, https:\/\/pilafestival.com\/english\/wp-content\/uploads\/sites\/2\/2019\/03\/Marcin-Z-09-768x1145.jpg 768w, https:\/\/pilafestival.com\/english\/wp-content\/uploads\/sites\/2\/2019\/03\/Marcin-Z-09-687x1024.jpg 687w\" sizes=\"(max-width: 805px) 100vw, 805px\" \/>\r\n\t\t\t\t\r\n\t\t\t\t\t\t\t\t\t<\/div><!-- .dslc-image -->\r\n\t\t<\/div>\r\n\t\t\r\n\t\t\t\t<\/div><!-- .dslc-module -->\r\n\t\t<\/div><div class=\"dslc-modules-area dslc-col dslc-8-col dslc-last-col\" data-size=\"8\" data-valign=\"\">\r\n\t\t<div id=\"dslc-module-a7cad889696\" class=\"dslc-module-front dslc-module-DSLC_Text_Simple dslc-in-viewport-check dslc-in-viewport-anim-none  dslc-col dslc-12-col dslc-last-col  dslc-module-handle-like-regular \" data-module-id=\"a7cad889696\" data-module=\"DSLC_Text_Simple\" data-dslc-module-size=\"12\" data-dslc-anim=\"none\" data-dslc-anim-delay=\"\" data-dslc-anim-duration=\"650\"  data-dslc-anim-easing=\"ease\" data-dslc-preset=\"none\" >\r\n\r\n\t\t\t\r\n\t\t\t\r\n\t\t\r\n\t\t<div class=\"dslc-text-module-content\">\r\n\t\t\t<p><span style=\"color: #333333;\">The IDEA of Pi\u0142a Festival & Academy<\/span><\/p>\t\t<\/div>\r\n\r\n\t\t\r\n\t\t\t\t<\/div><!-- .dslc-module -->\r\n\t\t\r\n\t\t<div id=\"dslc-module-c290edea032\" class=\"dslc-module-front dslc-module-DSLC_Text_Simple dslc-in-viewport-check dslc-in-viewport-anim-none  dslc-col dslc-12-col dslc-last-col  dslc-module-handle-like-regular \" data-module-id=\"c290edea032\" data-module=\"DSLC_Text_Simple\" data-dslc-module-size=\"12\" data-dslc-anim=\"none\" data-dslc-anim-delay=\"\" data-dslc-anim-duration=\"650\"  data-dslc-anim-easing=\"ease\" data-dslc-preset=\"none\" >\r\n\r\n\t\t\t\r\n\t\t\t\r\n\t\t\r\n\t\t<div class=\"dslc-text-module-content\">\r\n\t\t\t<p>\u00a0<\/p><p><span style=\"color: #333333;\"><strong><span style=\"color: #000000;\">\u00a0\u00a0\u00a0\u00a0 Pi\u0142a Festival & Academy<\/span><\/strong> <\/span><span style=\"color: #333333;\">is an extraordinary musical initiative, which was set up 10 years ago by an outstanding violinist Bart\u0142omiej Nizio\u0142 as well as Andrzej Czaja and Kamila Wi\u015bniewska-Czaja.<\/span><br><span style=\"color: #333333;\">\u00a0\u00a0\u00a0\u00a0 I have a special honour to determine an artistic scope of the next festival edition. It is a great, an inspiring challenge that I accepted with pleasure. <\/span><br><span style=\"color: #333333;\">\u00a0\u00a0\u00a0\u00a0 I want Pi\u0142a Festival to be the time of sharing a great passion for music in a group of outstanding and experienced instrumentalists and the most talented musicians of the young generation. The axis of the Festival will be determined by concerts on which the invited soloists, bands and orchestras will perform next to professors and students, and masterful consultations will be an opportunity for mutual inspiration and exchange of views. The most moving concert creations of students will be awarded - a group of educators will grant the Grand Prix and Artistic Personality awards at the end of Festival. The winners will receive cash prizes and proposals of solo concerts with Polish orchestras.<\/span><br><span style=\"color: #333333;\">\u00a0\u00a0\u00a0\u00a0 I hope that the Pila Festival will be for the performing artists, students and listeners a magnificent and deep experience to which we will be returning for a long time.<\/span><\/p><p><em><span style=\"color: #333333;\">\u00a0\u00a0\u00a0\u00a0 Art Director of Pi\u0142a Festival & Academy<\/span><\/em><\/p><p><span style=\"color: #000000;\"><strong>\u00a0\u00a0\u00a0\u00a0 Marcin Zdunik<\/strong><\/span><\/p>\t\t<\/div>\r\n\r\n\t\t\r\n\t\t\t\t<\/div><!-- .dslc-module -->\r\n\t\t<\/div><\/div><\/div><\/div>","protected":false},"excerpt":{"rendered":"<p>The IDEA of Pi\u0142a Festival &#038; Academy \u00a0\u00a0\u00a0\u00a0\u00a0 Pi\u0142a Festival &#038; Academy is an extraordinary musical initiative, which was set up 10 years ago by an outstanding violinist Bart\u0142omiej Nizio\u0142 as well as Andrzej Czaja and Kamila Wi\u015bniewska-Czaja.\u00a0\u00a0\u00a0\u00a0 I have a special honour to determine an artistic scope of the next festival edition. It is [&hellip;]<\/p>\n","protected":false},"author":1,"featured_media":0,"parent":0,"menu_order":0,"comment_status":"closed","ping_status":"closed","template":"","meta":[],"_links":{"self":[{"href":"https:\/\/pilafestival.com\/english\/wp-json\/wp\/v2\/pages\/184"}],"collection":[{"href":"https:\/\/pilafestival.com\/english\/wp-json\/wp\/v2\/pages"}],"about":[{"href":"https:\/\/pilafestival.com\/english\/wp-json\/wp\/v2\/types\/page"}],"author":[{"embeddable":true,"href":"https:\/\/pilafestival.com\/english\/wp-json\/wp\/v2\/users\/1"}],"replies":[{"embeddable":true,"href":"https:\/\/pilafestival.com\/english\/wp-json\/wp\/v2\/comments?post=184"}],"version-history":[{"count":1,"href":"https:\/\/pilafestival.com\/english\/wp-json\/wp\/v2\/pages\/184\/revisions"}],"predecessor-version":[{"id":185,"href":"https:\/\/pilafestival.com\/english\/wp-json\/wp\/v2\/pages\/184\/revisions\/185"}],"wp:attachment":[{"href":"https:\/\/pilafestival.com\/english\/wp-json\/wp\/v2\/media?parent=184"}],"curies":[{"name":"wp","href":"https:\/\/api.w.org\/{rel}","templated":true}]}}