{"id":1891,"date":"2021-08-05T07:19:28","date_gmt":"2021-08-05T05:19:28","guid":{"rendered":"https:\/\/pilafestival.com\/english\/?page_id=1891"},"modified":"2021-08-05T07:23:30","modified_gmt":"2021-08-05T05:23:30","slug":"winners-2020","status":"publish","type":"page","link":"https:\/\/pilafestival.com\/english\/winners-2020\/","title":{"rendered":"Winners 2020"},"content":{"rendered":"<div id=\"dslc-main\">\r\n\t\t<div  class=\"dslc-modules-section \" style=\"\" data-section-id=\"dbd7ce67047\">\r\n\t\t\t\t\r\n\t\t\t\t\r\n\t\t\t\t<div class=\"dslc-modules-section-wrapper dslc-clearfix\"><div class=\"dslc-modules-area dslc-col dslc-12-col dslc-last-col dslc-valign- \" data-size=\"12\" data-valign=\"\">\r\n\t\t<div id=\"dslc-module-82db4c55ae4\" class=\"dslc-module-front dslc-module-DSLC_Text_Simple dslc-in-viewport-check dslc-in-viewport-anim-none  dslc-col dslc-12-col dslc-last-col  dslc-module-handle-like-regular \" data-module-id=\"82db4c55ae4\" data-module=\"DSLC_Text_Simple\" data-dslc-module-size=\"12\" data-dslc-anim=\"none\" data-dslc-anim-delay=\"\" data-dslc-anim-duration=\"650\"  data-dslc-anim-easing=\"ease\" data-dslc-preset=\"none\" >\r\n\r\n\t\t\t\r\n\t\t\t\r\n\t\t\r\n\t\t<div class=\"dslc-text-module-content\">\r\n\t\t\t<h1 id=\"tw-target-text\" class=\"tw-data-text tw-text-large XcVN5d tw-ta\" dir=\"ltr\" style=\"text-align: center;\" data-placeholder=\"T\u0142umaczenie\"><span class=\"Y2IQFc\" lang=\"en\">WINNERS of the 12th Pi\u0142a Festival & Academy 2020<\/span><\/h1>\t\t<\/div>\r\n\r\n\t\t\r\n\t\t\t\t<\/div><!-- .dslc-module -->\r\n\t\t<\/div><\/div><\/div>\r\n\t\t<div  class=\"dslc-modules-section \" style=\"padding-bottom:0px;padding-top:0px;background-color:#ffffff;\" data-section-id=\"ce939f83082\">\r\n\t\t\t\t\r\n\t\t\t\t\r\n\t\t\t\t<div class=\"dslc-modules-section-wrapper dslc-clearfix\"><div class=\"dslc-modules-area dslc-col dslc-6-col dslc-first-col dslc-valign- \" data-size=\"6\" data-valign=\"\">\r\n\t\t<div id=\"dslc-module-b62276e97b2\" class=\"dslc-module-front dslc-module-DSLC_Text_Simple dslc-in-viewport-check dslc-in-viewport-anim-none  dslc-col dslc-12-col dslc-last-col  dslc-module-handle-like-regular \" data-module-id=\"b62276e97b2\" data-module=\"DSLC_Text_Simple\" data-dslc-module-size=\"12\" data-dslc-anim=\"none\" data-dslc-anim-delay=\"\" data-dslc-anim-duration=\"650\"  data-dslc-anim-easing=\"ease\" data-dslc-preset=\"none\" >\r\n\r\n\t\t\t\r\n\t\t\t\r\n\t\t\r\n\t\t<div class=\"dslc-text-module-content\">\r\n\t\t\t<h4 class=\"Akapitzlist\" style=\"text-align: center;\"><span style=\"color: #333333;\"><strong><span style=\"font-size: 16pt; line-height: 115%;\">JULIA WRO\u0143SKA<\/span><\/strong><\/span><\/h4><h4 style=\"text-align: center;\"><span style=\"color: #333333;\">skrzypaczka<\/span><\/h4><h5 style=\"text-align: center;\"><span style=\"color: #333333;\">- OSOBOWO\u015a\u0106 MUZYCZNA FESTIWALU<\/span><\/h5><h5 style=\"text-align: center;\"><span style=\"color: #333333;\">- szwajcarski zegarek ALBERT RIELE ufundowany przez firm\u0119 APART<\/span><\/h5>\t\t<\/div>\r\n\r\n\t\t\r\n\t\t\t\t<\/div><!-- .dslc-module -->\r\n\t\t\r\n\t\t<div id=\"dslc-module-b0c5c8934a9\" class=\"dslc-module-front dslc-module-DSLC_Image dslc-in-viewport-check dslc-in-viewport-anim-none  dslc-col dslc-12-col dslc-last-col  dslc-module-handle-like-regular \" data-module-id=\"b0c5c8934a9\" data-module=\"DSLC_Image\" data-dslc-module-size=\"12\" data-dslc-anim=\"none\" data-dslc-anim-delay=\"\" data-dslc-anim-duration=\"650\"  data-dslc-anim-easing=\"ease\" data-dslc-preset=\"none\" >\r\n\r\n\t\t\t\r\n\t\t\t\r\n\t\t\t\t<div class=\"dslc-image-container\">\r\n\t\t<div class=\"dslc-image\">\r\n\r\n\t\t\t\r\n\t\t\t\t\r\n\t\t\t\t\t\t\t\t\t<img src=\"https:\/\/pilafestival.com\/english\/wp-content\/uploads\/sites\/2\/2021\/08\/118628200_3852558348106517_8090971337258263350_n.jpg\" alt=\"\" title=\"\" srcset=\"https:\/\/pilafestival.com\/english\/wp-content\/uploads\/sites\/2\/2021\/08\/118628200_3852558348106517_8090971337258263350_n.jpg 1200w, https:\/\/pilafestival.com\/english\/wp-content\/uploads\/sites\/2\/2021\/08\/118628200_3852558348106517_8090971337258263350_n-300x200.jpg 300w, https:\/\/pilafestival.com\/english\/wp-content\/uploads\/sites\/2\/2021\/08\/118628200_3852558348106517_8090971337258263350_n-1024x683.jpg 1024w, https:\/\/pilafestival.com\/english\/wp-content\/uploads\/sites\/2\/2021\/08\/118628200_3852558348106517_8090971337258263350_n-768x512.jpg 768w\" sizes=\"(max-width: 1200px) 100vw, 1200px\" \/>\r\n\t\t\t\t\r\n\t\t\t\t\t\t\t\t\t<\/div><!-- .dslc-image -->\r\n\t\t<\/div>\r\n\t\t\r\n\t\t\t\t<\/div><!-- .dslc-module -->\r\n\t\t\r\n\t\t<div id=\"dslc-module-3b164db8e40\" class=\"dslc-module-front dslc-module-DSLC_Separator dslc-in-viewport-check dslc-in-viewport-anim-none  dslc-col dslc-12-col dslc-last-col  dslc-module-handle-like-regular \" data-module-id=\"3b164db8e40\" data-module=\"DSLC_Separator\" data-dslc-module-size=\"12\" data-dslc-anim=\"none\" data-dslc-anim-delay=\"\" data-dslc-anim-duration=\"650\"  data-dslc-anim-easing=\"ease\" data-dslc-preset=\"none\" >\r\n\r\n\t\t\t\r\n\t\t\t\r\n\t\t\t\t\t<div class=\"dslc-separator-wrapper\">\r\n\t\t\t\t<div class=\"dslc-separator dslc-separator-style-invisible\">\r\n\t\t\t\t\t\t\t\t\t<\/div>\r\n\t\t\t\t<div><\/div>\r\n\t\t\t<\/div><!-- .dslc-separator-wrapper -->\r\n\t\t\t\r\n\t\t\t\t<\/div><!-- .dslc-module -->\r\n\t\t\r\n\t\t<div id=\"dslc-module-0cb61b9d95e\" class=\"dslc-module-front dslc-module-DSLC_Text_Simple dslc-in-viewport-check dslc-in-viewport-anim-none  dslc-col dslc-12-col dslc-last-col  dslc-module-handle-like-regular \" data-module-id=\"0cb61b9d95e\" data-module=\"DSLC_Text_Simple\" data-dslc-module-size=\"12\" data-dslc-anim=\"none\" data-dslc-anim-delay=\"\" data-dslc-anim-duration=\"650\"  data-dslc-anim-easing=\"ease\" data-dslc-preset=\"none\" >\r\n\r\n\t\t\t\r\n\t\t\t\r\n\t\t\r\n\t\t<div class=\"dslc-text-module-content\">\r\n\t\t\t<h4 class=\"Akapitzlist\" style=\"text-align: center;\"><span style=\"color: #333333;\"><strong><span style=\"font-size: 16pt; line-height: 115%;\">TERESA G\u0104SIENIEC<\/span><\/strong><\/span><\/h4><h4 style=\"text-align: center;\"><span style=\"color: #333333;\">wiolonczelistka<\/span><\/h4><h5 style=\"text-align: center;\"><span style=\"color: #333333;\">- OSOBOWO\u015a\u0106 MUZYCZNA FESTIWALU<\/span><\/h5><h5 style=\"text-align: center;\"><span style=\"color: #333333;\">- nagroda pieni\u0119\u017cna 2000z\u0142<\/span><\/h5>\t\t<\/div>\r\n\r\n\t\t\r\n\t\t\t\t<\/div><!-- .dslc-module -->\r\n\t\t\r\n\t\t<div id=\"dslc-module-b19996288b1\" class=\"dslc-module-front dslc-module-DSLC_Image dslc-in-viewport-check dslc-in-viewport-anim-none  dslc-col dslc-12-col dslc-last-col  dslc-module-handle-like-regular \" data-module-id=\"b19996288b1\" data-module=\"DSLC_Image\" data-dslc-module-size=\"12\" data-dslc-anim=\"none\" data-dslc-anim-delay=\"\" data-dslc-anim-duration=\"650\"  data-dslc-anim-easing=\"ease\" data-dslc-preset=\"none\" >\r\n\r\n\t\t\t\r\n\t\t\t\r\n\t\t\t\t<div class=\"dslc-image-container\">\r\n\t\t<div class=\"dslc-image\">\r\n\r\n\t\t\t\r\n\t\t\t\t\r\n\t\t\t\t\t\t\t\t\t<img src=\"https:\/\/pilafestival.com\/english\/wp-content\/uploads\/sites\/2\/2021\/08\/118397525_3836738033021882_6979786342713068583_n.jpg\" alt=\"\" title=\"\" srcset=\"https:\/\/pilafestival.com\/english\/wp-content\/uploads\/sites\/2\/2021\/08\/118397525_3836738033021882_6979786342713068583_n.jpg 1200w, https:\/\/pilafestival.com\/english\/wp-content\/uploads\/sites\/2\/2021\/08\/118397525_3836738033021882_6979786342713068583_n-300x200.jpg 300w, https:\/\/pilafestival.com\/english\/wp-content\/uploads\/sites\/2\/2021\/08\/118397525_3836738033021882_6979786342713068583_n-1024x683.jpg 1024w, https:\/\/pilafestival.com\/english\/wp-content\/uploads\/sites\/2\/2021\/08\/118397525_3836738033021882_6979786342713068583_n-768x512.jpg 768w\" sizes=\"(max-width: 1200px) 100vw, 1200px\" \/>\r\n\t\t\t\t\r\n\t\t\t\t\t\t\t\t\t<\/div><!-- .dslc-image -->\r\n\t\t<\/div>\r\n\t\t\r\n\t\t\t\t<\/div><!-- .dslc-module -->\r\n\t\t\r\n\t\t<div id=\"dslc-module-d8f26de23fd\" class=\"dslc-module-front dslc-module-DSLC_Separator dslc-in-viewport-check dslc-in-viewport-anim-none  dslc-col dslc-12-col dslc-last-col  dslc-module-handle-like-regular \" data-module-id=\"d8f26de23fd\" data-module=\"DSLC_Separator\" data-dslc-module-size=\"12\" data-dslc-anim=\"none\" data-dslc-anim-delay=\"0\" data-dslc-anim-duration=\"650\"  data-dslc-anim-easing=\"ease\" data-dslc-preset=\"none\" >\r\n\r\n\t\t\t\r\n\t\t\t\r\n\t\t\t\t\t<div class=\"dslc-separator-wrapper\">\r\n\t\t\t\t<div class=\"dslc-separator dslc-separator-style-invisible\">\r\n\t\t\t\t\t\t\t\t\t<\/div>\r\n\t\t\t\t<div><\/div>\r\n\t\t\t<\/div><!-- .dslc-separator-wrapper -->\r\n\t\t\t\r\n\t\t\t\t<\/div><!-- .dslc-module -->\r\n\t\t<\/div><div class=\"dslc-modules-area dslc-col dslc-6-col dslc-last-col dslc-valign- \" data-size=\"6\" data-valign=\"\">\r\n\t\t<div id=\"dslc-module-0f535e67761\" class=\"dslc-module-front dslc-module-DSLC_Text_Simple dslc-in-viewport-check dslc-in-viewport-anim-none  dslc-col dslc-12-col dslc-last-col  dslc-module-handle-like-regular \" data-module-id=\"0f535e67761\" data-module=\"DSLC_Text_Simple\" data-dslc-module-size=\"12\" data-dslc-anim=\"none\" data-dslc-anim-delay=\"\" data-dslc-anim-duration=\"650\"  data-dslc-anim-easing=\"ease\" data-dslc-preset=\"none\" >\r\n\r\n\t\t\t\r\n\t\t\t\r\n\t\t\r\n\t\t<div class=\"dslc-text-module-content\">\r\n\t\t\t<h4 style=\"text-align: center;\"><span style=\"color: #333333;\"><strong>JULIA WAWROWSKA<\/strong><\/span><\/h4><h4 style=\"text-align: center;\"><span style=\"color: #333333;\">altowiolistka<\/span><\/h4><h5 style=\"text-align: center;\"><span style=\"color: #333333;\">- OSOBOWO\u015a\u0106 MUZYCZNA FESTIWALU<\/span><\/h5><h5 style=\"text-align: center;\"><span style=\"color: #333333;\">- szwajcarski zegarek ALBERT RIELE ufundowany przez firm\u0119 APART<\/span><\/h5>\t\t<\/div>\r\n\r\n\t\t\r\n\t\t\t\t<\/div><!-- .dslc-module -->\r\n\t\t\r\n\t\t<div id=\"dslc-module-131dd9210d5\" class=\"dslc-module-front dslc-module-DSLC_Image dslc-in-viewport-check dslc-in-viewport-anim-none  dslc-col dslc-12-col dslc-last-col  dslc-module-handle-like-regular \" data-module-id=\"131dd9210d5\" data-module=\"DSLC_Image\" data-dslc-module-size=\"12\" data-dslc-anim=\"none\" data-dslc-anim-delay=\"\" data-dslc-anim-duration=\"650\"  data-dslc-anim-easing=\"ease\" data-dslc-preset=\"none\" >\r\n\r\n\t\t\t\r\n\t\t\t\r\n\t\t\t\t<div class=\"dslc-image-container\">\r\n\t\t<div class=\"dslc-image\">\r\n\r\n\t\t\t\r\n\t\t\t\t\r\n\t\t\t\t\t\t\t\t\t<img src=\"https:\/\/pilafestival.com\/english\/wp-content\/uploads\/sites\/2\/2021\/08\/118594255_3844362852259400_4162786191901879909_n.jpg\" alt=\"\" title=\"\" srcset=\"https:\/\/pilafestival.com\/english\/wp-content\/uploads\/sites\/2\/2021\/08\/118594255_3844362852259400_4162786191901879909_n.jpg 1200w, https:\/\/pilafestival.com\/english\/wp-content\/uploads\/sites\/2\/2021\/08\/118594255_3844362852259400_4162786191901879909_n-300x200.jpg 300w, https:\/\/pilafestival.com\/english\/wp-content\/uploads\/sites\/2\/2021\/08\/118594255_3844362852259400_4162786191901879909_n-1024x683.jpg 1024w, https:\/\/pilafestival.com\/english\/wp-content\/uploads\/sites\/2\/2021\/08\/118594255_3844362852259400_4162786191901879909_n-768x512.jpg 768w\" sizes=\"(max-width: 1200px) 100vw, 1200px\" \/>\r\n\t\t\t\t\r\n\t\t\t\t\t\t\t\t\t<\/div><!-- .dslc-image -->\r\n\t\t<\/div>\r\n\t\t\r\n\t\t\t\t<\/div><!-- .dslc-module -->\r\n\t\t\r\n\t\t<div id=\"dslc-module-5d8bba878dd\" class=\"dslc-module-front dslc-module-DSLC_Separator dslc-in-viewport-check dslc-in-viewport-anim-none  dslc-col dslc-12-col dslc-last-col  dslc-module-handle-like-regular \" data-module-id=\"5d8bba878dd\" data-module=\"DSLC_Separator\" data-dslc-module-size=\"12\" data-dslc-anim=\"none\" data-dslc-anim-delay=\"\" data-dslc-anim-duration=\"650\"  data-dslc-anim-easing=\"ease\" data-dslc-preset=\"none\" >\r\n\r\n\t\t\t\r\n\t\t\t\r\n\t\t\t\t\t<div class=\"dslc-separator-wrapper\">\r\n\t\t\t\t<div class=\"dslc-separator dslc-separator-style-invisible\">\r\n\t\t\t\t\t\t\t\t\t<\/div>\r\n\t\t\t\t<div><\/div>\r\n\t\t\t<\/div><!-- .dslc-separator-wrapper -->\r\n\t\t\t\r\n\t\t\t\t<\/div><!-- .dslc-module -->\r\n\t\t\r\n\t\t<div id=\"dslc-module-205b75bf043\" class=\"dslc-module-front dslc-module-DSLC_Text_Simple dslc-in-viewport-check dslc-in-viewport-anim-none  dslc-col dslc-12-col dslc-last-col  dslc-module-handle-like-regular \" data-module-id=\"205b75bf043\" data-module=\"DSLC_Text_Simple\" data-dslc-module-size=\"12\" data-dslc-anim=\"none\" data-dslc-anim-delay=\"\" data-dslc-anim-duration=\"650\"  data-dslc-anim-easing=\"ease\" data-dslc-preset=\"none\" >\r\n\r\n\t\t\t\r\n\t\t\t\r\n\t\t\r\n\t\t<div class=\"dslc-text-module-content\">\r\n\t\t\t<h4 class=\"Akapitzlist\" style=\"text-align: center;\"><span style=\"color: #333333;\"><strong><span style=\"font-size: 16pt; line-height: 115%;\">ANGELINA LITWINIENKO<\/span><\/strong><\/span><\/h4><h4 style=\"text-align: center;\"><span style=\"color: #333333;\">wiolonczelistka<\/span><\/h4><h5 style=\"text-align: center;\"><span style=\"color: #333333;\">- M\u0141ODY TALENT FESTIWALU<\/span><\/h5><h5 style=\"text-align: center;\"><span style=\"color: #333333;\">- zaproszenie na Pi\u0142a Festival & Academy 2021<\/span><\/h5>\t\t<\/div>\r\n\r\n\t\t\r\n\t\t\t\t<\/div><!-- .dslc-module -->\r\n\t\t\r\n\t\t<div id=\"dslc-module-c7cc6e29220\" class=\"dslc-module-front dslc-module-DSLC_Image dslc-in-viewport-check dslc-in-viewport-anim-none  dslc-col dslc-12-col dslc-last-col  dslc-module-handle-like-regular \" data-module-id=\"c7cc6e29220\" data-module=\"DSLC_Image\" data-dslc-module-size=\"12\" data-dslc-anim=\"none\" data-dslc-anim-delay=\"\" data-dslc-anim-duration=\"650\"  data-dslc-anim-easing=\"ease\" data-dslc-preset=\"none\" >\r\n\r\n\t\t\t\r\n\t\t\t\r\n\t\t\t\t<div class=\"dslc-image-container\">\r\n\t\t<div class=\"dslc-image\">\r\n\r\n\t\t\t\r\n\t\t\t\t\r\n\t\t\t\t\t\t\t\t\t<img src=\"https:\/\/pilafestival.com\/english\/wp-content\/uploads\/sites\/2\/2021\/08\/118370400_3836728996356119_6149121158298216212_n.jpg\" alt=\"\" title=\"\" srcset=\"https:\/\/pilafestival.com\/english\/wp-content\/uploads\/sites\/2\/2021\/08\/118370400_3836728996356119_6149121158298216212_n.jpg 1200w, https:\/\/pilafestival.com\/english\/wp-content\/uploads\/sites\/2\/2021\/08\/118370400_3836728996356119_6149121158298216212_n-300x200.jpg 300w, https:\/\/pilafestival.com\/english\/wp-content\/uploads\/sites\/2\/2021\/08\/118370400_3836728996356119_6149121158298216212_n-1024x683.jpg 1024w, https:\/\/pilafestival.com\/english\/wp-content\/uploads\/sites\/2\/2021\/08\/118370400_3836728996356119_6149121158298216212_n-768x512.jpg 768w\" sizes=\"(max-width: 1200px) 100vw, 1200px\" \/>\r\n\t\t\t\t\r\n\t\t\t\t\t\t\t\t\t<\/div><!-- .dslc-image -->\r\n\t\t<\/div>\r\n\t\t\r\n\t\t\t\t<\/div><!-- .dslc-module -->\r\n\t\t\r\n\t\t<div id=\"dslc-module-47ecf47998f\" class=\"dslc-module-front dslc-module-DSLC_Separator dslc-in-viewport-check dslc-in-viewport-anim-none  dslc-col dslc-12-col dslc-last-col  dslc-module-handle-like-regular \" data-module-id=\"47ecf47998f\" data-module=\"DSLC_Separator\" data-dslc-module-size=\"12\" data-dslc-anim=\"none\" data-dslc-anim-delay=\"0\" data-dslc-anim-duration=\"650\"  data-dslc-anim-easing=\"ease\" data-dslc-preset=\"none\" >\r\n\r\n\t\t\t\r\n\t\t\t\r\n\t\t\t\t\t<div class=\"dslc-separator-wrapper\">\r\n\t\t\t\t<div class=\"dslc-separator dslc-separator-style-invisible\">\r\n\t\t\t\t\t\t\t\t\t<\/div>\r\n\t\t\t\t<div><\/div>\r\n\t\t\t<\/div><!-- .dslc-separator-wrapper -->\r\n\t\t\t\r\n\t\t\t\t<\/div><!-- .dslc-module -->\r\n\t\t<\/div><\/div><\/div><\/div>","protected":false},"excerpt":{"rendered":"<p>WINNERS of the 12th Pi\u0142a Festival &#038; Academy 2020 JULIA WRO\u0143SKAskrzypaczka- OSOBOWO\u015a\u0106 MUZYCZNA FESTIWALU- szwajcarski zegarek ALBERT RIELE ufundowany przez firm\u0119 APART TERESA G\u0104SIENIECwiolonczelistka- OSOBOWO\u015a\u0106 MUZYCZNA FESTIWALU- nagroda pieni\u0119\u017cna 2000z\u0142 JULIA WAWROWSKAaltowiolistka- OSOBOWO\u015a\u0106 MUZYCZNA FESTIWALU- szwajcarski zegarek ALBERT RIELE ufundowany przez firm\u0119 APART ANGELINA LITWINIENKOwiolonczelistka- M\u0141ODY TALENT FESTIWALU- zaproszenie na Pi\u0142a Festival &#038; Academy 2021<\/p>\n","protected":false},"author":1,"featured_media":0,"parent":0,"menu_order":0,"comment_status":"closed","ping_status":"closed","template":"","meta":[],"_links":{"self":[{"href":"https:\/\/pilafestival.com\/english\/wp-json\/wp\/v2\/pages\/1891"}],"collection":[{"href":"https:\/\/pilafestival.com\/english\/wp-json\/wp\/v2\/pages"}],"about":[{"href":"https:\/\/pilafestival.com\/english\/wp-json\/wp\/v2\/types\/page"}],"author":[{"embeddable":true,"href":"https:\/\/pilafestival.com\/english\/wp-json\/wp\/v2\/users\/1"}],"replies":[{"embeddable":true,"href":"https:\/\/pilafestival.com\/english\/wp-json\/wp\/v2\/comments?post=1891"}],"version-history":[{"count":1,"href":"https:\/\/pilafestival.com\/english\/wp-json\/wp\/v2\/pages\/1891\/revisions"}],"predecessor-version":[{"id":1892,"href":"https:\/\/pilafestival.com\/english\/wp-json\/wp\/v2\/pages\/1891\/revisions\/1892"}],"wp:attachment":[{"href":"https:\/\/pilafestival.com\/english\/wp-json\/wp\/v2\/media?parent=1891"}],"curies":[{"name":"wp","href":"https:\/\/api.w.org\/{rel}","templated":true}]}}