{"id":1915,"date":"2021-08-13T21:02:06","date_gmt":"2021-08-13T19:02:06","guid":{"rendered":"https:\/\/pilafestival.com\/english\/?page_id=1915"},"modified":"2021-08-13T21:12:30","modified_gmt":"2021-08-13T19:12:30","slug":"andrzej-bauer","status":"publish","type":"page","link":"https:\/\/pilafestival.com\/english\/andrzej-bauer\/","title":{"rendered":"Andrzej Bauer"},"content":{"rendered":"<div id=\"dslc-main\">\r\n\t\t<div  class=\"dslc-modules-section \" style=\"\" data-section-id=\"9d68d8ecc34\">\r\n\t\t\t\t\r\n\t\t\t\t\r\n\t\t\t\t<div class=\"dslc-modules-section-wrapper dslc-clearfix\"><div class=\"dslc-modules-area dslc-col dslc-12-col dslc-last-col dslc-valign- \" data-size=\"12\" data-valign=\"\">\r\n\t\t<div id=\"dslc-module-779cdeb60c8\" class=\"dslc-module-front dslc-module-DSLC_Image dslc-in-viewport-check dslc-in-viewport-anim-none  dslc-col dslc-12-col dslc-last-col  dslc-module-handle-like-regular \" data-module-id=\"779cdeb60c8\" data-module=\"DSLC_Image\" data-dslc-module-size=\"12\" data-dslc-anim=\"none\" data-dslc-anim-delay=\"\" data-dslc-anim-duration=\"650\"  data-dslc-anim-easing=\"ease\" data-dslc-preset=\"none\" >\r\n\r\n\t\t\t\r\n\t\t\t\r\n\t\t\t\t<div class=\"dslc-image-container\">\r\n\t\t<div class=\"dslc-image\">\r\n\r\n\t\t\t\r\n\t\t\t\t\r\n\t\t\t\t\t\t\t\t\t<img src=\"https:\/\/pilafestival.com\/wp-content\/uploads\/2021\/05\/andrzej_bauer_portret_23.jpeg\" alt=\"\" title=\"\"   \/>\r\n\t\t\t\t\r\n\t\t\t\t\t\t\t\t\t<\/div><!-- .dslc-image -->\r\n\t\t<\/div>\r\n\t\t\r\n\t\t\t\t<\/div><!-- .dslc-module -->\r\n\t\t<\/div><\/div><\/div>\r\n\t\t<div  class=\"dslc-modules-section \" style=\"\" data-section-id=\"647096675f1\">\r\n\t\t\t\t\r\n\t\t\t\t\r\n\t\t\t\t<div class=\"dslc-modules-section-wrapper dslc-clearfix\"><div class=\"dslc-modules-area dslc-col dslc-12-col dslc-last-col dslc-valign- \" data-size=\"12\" data-valign=\"\">\r\n\t\t<div id=\"dslc-module-25529e0cf2b\" class=\"dslc-module-front dslc-module-DSLC_TP_Title dslc-in-viewport-check dslc-in-viewport-anim-none  dslc-col dslc-12-col dslc-last-col  dslc-module-handle-like-regular \" data-module-id=\"25529e0cf2b\" data-module=\"DSLC_TP_Title\" data-dslc-module-size=\"12\" data-dslc-anim=\"none\" data-dslc-anim-delay=\"\" data-dslc-anim-duration=\"650\"  data-dslc-anim-easing=\"ease\" data-dslc-preset=\"none\" >\r\n\r\n\t\t\t\r\n\t\t\t\r\n\t\t\r\n\t\t\t\t<div class=\"dslc-tp-title\"><h1>Andrzej Bauer<\/h1><\/div>\r\n\r\n\t\t\t\r\n\t\t\t\t<\/div><!-- .dslc-module -->\r\n\t\t<\/div><\/div><\/div>\r\n\t\t<div  class=\"dslc-modules-section \" style=\"\" data-section-id=\"392614a51bb\">\r\n\t\t\t\t\r\n\t\t\t\t\r\n\t\t\t\t<div class=\"dslc-modules-section-wrapper dslc-clearfix\"><div class=\"dslc-modules-area dslc-col dslc-12-col dslc-last-col dslc-valign- \" data-size=\"12\" data-valign=\"\">\r\n\t\t<div id=\"dslc-module-f334f115e04\" class=\"dslc-module-front dslc-module-DSLC_Text_Simple dslc-in-viewport-check dslc-in-viewport-anim-none  dslc-col dslc-12-col dslc-last-col  dslc-module-handle-like-regular \" data-module-id=\"f334f115e04\" data-module=\"DSLC_Text_Simple\" data-dslc-module-size=\"12\" data-dslc-anim=\"none\" data-dslc-anim-delay=\"\" data-dslc-anim-duration=\"650\"  data-dslc-anim-easing=\"ease\" data-dslc-preset=\"none\" >\r\n\r\n\t\t\t\r\n\t\t\t\r\n\t\t\r\n\t\t<div class=\"dslc-text-module-content\">\r\n\t\t\t<p>Winner of the first prize at the ARD International Competition in Munich, prizewinner at the Prague Spring International Competition and recipient of the prize awarded under the auspices of the European Parliament and the Council of Europe.<\/p><p>Andrzej Bauer was born in \u0141\u00f3d\u017a, where he completed his studies under Kazimierz Michalik\u2019s guidance. He continued his musical education, working with e.g. Andr\u00e9 Navarra, Milo\u0161 Sadlo and Daniel Szafran during numerous masterclasses. He also completed a two-year course in London, under William Pleeth, thanks to a scholarship funded by Witold Lutos\u0142awski.<\/p><p>Andrzej Bauer has given recitals in Amsterdam, Paris, Hamburg and Munich, and performed with symphony orchestras, including the Munich Philharmonic Orchestra, RAI Naples Orchestra, Orchestre Philharmonique de Strasbourg, Stuttgart Radio Symphony Orchestra and Berlin Radio Symphony Orchestra. He has appeared in concert as a soloist with most Polish symphony and chamber orchestras, with ensembles like the National Philharmonic Orchestra and Sinfonia Varsovia inviting him to join them as a soloist on their European concert tours.<\/p><p>Andrzej Bauer has recorded music for a number radio and television stations in Poland and other countries. He has taken part in international festivals, performing in most European countries as well as the United States and Japan.<\/p><p>The artist\u2019s recording with works by Schubert, Brahms and Schumann (Koch\/Schwann) won the quarterly German Record Critics\u2019 Award. His subsequent CDs featured works by Shostakovich, Prokofiev, Stravinsky, Messiaen, Panufnik as well as Witold Lutos\u0142awski\u2019s Cello Concerto. 2000 saw the release of the first ever Polish recording (on two CDs) of all of Bach\u2019s cello suites, recorded by Bauer for the CD Accord label, for which the artist won the 2000 Fryderyk Award of the Polish Academy of Phonography.<\/p><p>The artist\u2019s extensive repertoire features many works of contemporary and new music, including works composed especially for him. At the 2002 Warsaw Autumn Festival Andrzej Bauer gave a recital of premieres of pieces for cello solo and electronic media which he had inspired. The Cellotronicum project launched at this point has been continued by the artist ever since, resulting in new recordings and more premieres presented at major contemporary music venues in Europe. The second edition of the Cellotronicum project at the Warsaw Autumn won the 2006 Orpheus prize.<\/p><p>Andrzej Bauer is professor at the Fryderyk Chopin University of Music in Warsaw and the Feliks Nowowiejski Academy of Music in Bydgoszcz, where he is in charge of cello classes. In addition, he is the founder and artistic director of the Warsaw Cellonet Group.<\/p><p>He has been devoting more and more time to composing and improvising music.<\/p>\t\t<\/div>\r\n\r\n\t\t\r\n\t\t\t\t<\/div><!-- .dslc-module -->\r\n\t\t<\/div><\/div><\/div><\/div>","protected":false},"excerpt":{"rendered":"<p>Andrzej Bauer Winner of the first prize at the ARD International Competition in Munich, prizewinner at the Prague Spring International Competition and recipient of the prize awarded under the auspices of the European Parliament and the Council of Europe.Andrzej Bauer was born in \u0141\u00f3d\u017a, where he completed his studies under Kazimierz Michalik\u2019s guidance. He continued [&hellip;]<\/p>\n","protected":false},"author":1,"featured_media":0,"parent":0,"menu_order":0,"comment_status":"closed","ping_status":"closed","template":"","meta":[],"_links":{"self":[{"href":"https:\/\/pilafestival.com\/english\/wp-json\/wp\/v2\/pages\/1915"}],"collection":[{"href":"https:\/\/pilafestival.com\/english\/wp-json\/wp\/v2\/pages"}],"about":[{"href":"https:\/\/pilafestival.com\/english\/wp-json\/wp\/v2\/types\/page"}],"author":[{"embeddable":true,"href":"https:\/\/pilafestival.com\/english\/wp-json\/wp\/v2\/users\/1"}],"replies":[{"embeddable":true,"href":"https:\/\/pilafestival.com\/english\/wp-json\/wp\/v2\/comments?post=1915"}],"version-history":[{"count":2,"href":"https:\/\/pilafestival.com\/english\/wp-json\/wp\/v2\/pages\/1915\/revisions"}],"predecessor-version":[{"id":1917,"href":"https:\/\/pilafestival.com\/english\/wp-json\/wp\/v2\/pages\/1915\/revisions\/1917"}],"wp:attachment":[{"href":"https:\/\/pilafestival.com\/english\/wp-json\/wp\/v2\/media?parent=1915"}],"curies":[{"name":"wp","href":"https:\/\/api.w.org\/{rel}","templated":true}]}}