{"id":216,"date":"2018-05-24T14:15:10","date_gmt":"2018-05-24T12:15:10","guid":{"rendered":"http:\/\/pilafestival.com\/english\/?page_id=216"},"modified":"2023-04-13T21:09:22","modified_gmt":"2023-04-13T19:09:22","slug":"students-2023","status":"publish","type":"page","link":"https:\/\/pilafestival.com\/english\/students-2023\/","title":{"rendered":"Students 2023"},"content":{"rendered":"<div id=\"dslc-main\">\r\n\t\t<div  class=\"dslc-modules-section \" style=\"padding-bottom:50px;padding-top:50px;\" data-section-id=\"99d70ece19b\">\r\n\t\t\t\t\r\n\t\t\t\t\r\n\t\t\t\t<div class=\"dslc-modules-section-wrapper dslc-clearfix\"><div class=\"dslc-modules-area dslc-col dslc-12-col dslc-last-col dslc-valign- \" data-size=\"12\" data-valign=\"\">\r\n\t\t<div id=\"dslc-module-37fb9cea50e\" class=\"dslc-module-front dslc-module-DSLC_Text_Simple dslc-in-viewport-check dslc-in-viewport-anim-none  dslc-col dslc-12-col dslc-last-col  dslc-module-handle-like-regular \" data-module-id=\"37fb9cea50e\" data-module=\"DSLC_Text_Simple\" data-dslc-module-size=\"12\" data-dslc-anim=\"none\" data-dslc-anim-delay=\"\" data-dslc-anim-duration=\"650\"  data-dslc-anim-easing=\"ease\" data-dslc-preset=\"none\" >\r\n\r\n\t\t\t\r\n\t\t\t\r\n\t\t\r\n\t\t<div class=\"dslc-text-module-content\">\r\n\t\t\t<p style=\"text-align: left;\"><span style=\"color: #333333;\">STUDENTS 2023<\/span><\/p>\t\t<\/div>\r\n\r\n\t\t\r\n\t\t\t\t<\/div><!-- .dslc-module -->\r\n\t\t<\/div><\/div><\/div>\r\n\t\t<div  class=\"dslc-modules-section \" style=\"\" data-section-id=\"214f9eb363b\">\r\n\t\t\t\t\r\n\t\t\t\t\r\n\t\t\t\t<div class=\"dslc-modules-section-wrapper dslc-clearfix\"><div class=\"dslc-modules-area dslc-col dslc-4-col dslc-first-col dslc-valign- \" data-size=\"4\" data-valign=\"\">\r\n\t\t<div id=\"dslc-module-96ac87ab5d5\" class=\"dslc-module-front dslc-module-DSLC_Text_Simple dslc-in-viewport-check dslc-in-viewport-anim-none  dslc-col dslc-12-col dslc-last-col  dslc-module-handle-like-regular \" data-module-id=\"96ac87ab5d5\" data-module=\"DSLC_Text_Simple\" data-dslc-module-size=\"12\" data-dslc-anim=\"none\" data-dslc-anim-delay=\"\" data-dslc-anim-duration=\"650\"  data-dslc-anim-easing=\"ease\" data-dslc-preset=\"none\" >\r\n\r\n\t\t\t\r\n\t\t\t\r\n\t\t\r\n\t\t<div class=\"dslc-text-module-content\">\r\n\t\t\t<h3>Violin<\/h3><p>1. Ines Issel Burzy\u0144ska<br>2. Katarzyna G\u00f3rna<br>3. Stefania Grabiec<br>4. Maria Kapsiak<br>5. Emilia Krzeszowiec<br>6. Marta Kub\u00f3w<br>7. Kristina Marusic \/ Serbia<br>8. Hanna Pozorska<br>9. Przemys\u0142aw Prucnal<br>10. Alicja Pustu\u0142a<br>11. Patrycja Staszek<br>12. Adam Suska<br>13. Paulina Tomczuk<\/p>\t\t<\/div>\r\n\r\n\t\t\r\n\t\t\t\t<\/div><!-- .dslc-module -->\r\n\t\t<\/div><div class=\"dslc-modules-area dslc-col dslc-4-col  dslc-valign- \" data-size=\"4\" data-valign=\"\">\r\n\t\t<div id=\"dslc-module-c9c83f4eda9\" class=\"dslc-module-front dslc-module-DSLC_Text_Simple dslc-in-viewport-check dslc-in-viewport-anim-none  dslc-col dslc-12-col dslc-last-col  dslc-module-handle-like-regular \" data-module-id=\"c9c83f4eda9\" data-module=\"DSLC_Text_Simple\" data-dslc-module-size=\"12\" data-dslc-anim=\"none\" data-dslc-anim-delay=\"\" data-dslc-anim-duration=\"650\"  data-dslc-anim-easing=\"ease\" data-dslc-preset=\"none\" >\r\n\r\n\t\t\t\r\n\t\t\t\r\n\t\t\r\n\t\t<div class=\"dslc-text-module-content\">\r\n\t\t\t<h3>Viola<\/h3><p>1. Mieszko Baszczak<br>2. Jagienka Jask\u00f3lska<br>3. Miko\u0142aj Kubacki<br>4. Agata Majchrzak<br>5. Zuzanna Ma\u0144ka<br>6. Nikol Mi\u0119kus<br>7. Igor Rudnicki<br>8. Oliwia Stawicka<br>9. Micha\u0142 Wieczerzak<br>10. Junyuan Yu \/ Chiny<\/p>\t\t<\/div>\r\n\r\n\t\t\r\n\t\t\t\t<\/div><!-- .dslc-module -->\r\n\t\t<\/div><div class=\"dslc-modules-area dslc-col dslc-4-col dslc-last-col dslc-valign- \" data-size=\"4\" data-valign=\"\">\r\n\t\t<div id=\"dslc-module-bb4977bf8e6\" class=\"dslc-module-front dslc-module-DSLC_Text_Simple dslc-in-viewport-check dslc-in-viewport-anim-none  dslc-col dslc-12-col dslc-last-col  dslc-module-handle-like-regular \" data-module-id=\"bb4977bf8e6\" data-module=\"DSLC_Text_Simple\" data-dslc-module-size=\"12\" data-dslc-anim=\"none\" data-dslc-anim-delay=\"\" data-dslc-anim-duration=\"650\"  data-dslc-anim-easing=\"ease\" data-dslc-preset=\"none\" >\r\n\r\n\t\t\t\r\n\t\t\t\r\n\t\t\r\n\t\t<div class=\"dslc-text-module-content\">\r\n\t\t\t<h3>Cello<\/h3><p>1. Adrianna Ciemi\u0144ska<br>2. Adam Doniec<br>3. Dominik Gawarkiewicz<br>4. Zoja Giza<br>5. Emilia Haligowska<br>6. Joanna Kacymirow<br>7. Filip Krzeszowiec<br>8. Zuzanna Konstantynowicz<br>9. Angelina Litwinienko<br>10. Kamila \u0141uczka<br>11. Marcelina Majchrzak<br>12. Aleksandra Nowak<br>13. Piotr Olesz<br>14. Aniela Szymula<br>15. Konstancja \u015amieta\u0144ska<br>16. Antoni Wrona<br>17. Ziyang Zhao \/ Chiny<\/p>\t\t<\/div>\r\n\r\n\t\t\r\n\t\t\t\t<\/div><!-- .dslc-module -->\r\n\t\t<\/div><\/div><\/div><\/div>","protected":false},"excerpt":{"rendered":"<p>STUDENTS 2023 Violin1. Ines Issel Burzy\u0144ska2. Katarzyna G\u00f3rna3. Stefania Grabiec4. Maria Kapsiak5. Emilia Krzeszowiec6. Marta Kub\u00f3w7. Kristina Marusic \/ Serbia8. Hanna Pozorska9. Przemys\u0142aw Prucnal10. Alicja Pustu\u0142a11. Patrycja Staszek12. Adam Suska13. Paulina Tomczuk Viola1. Mieszko Baszczak2. Jagienka Jask\u00f3lska3. Miko\u0142aj Kubacki4. Agata Majchrzak5. Zuzanna Ma\u0144ka6. Nikol Mi\u0119kus7. Igor Rudnicki8. Oliwia Stawicka9. Micha\u0142 Wieczerzak10. Junyuan Yu \/ Chiny [&hellip;]<\/p>\n","protected":false},"author":1,"featured_media":0,"parent":0,"menu_order":0,"comment_status":"closed","ping_status":"closed","template":"","meta":[],"_links":{"self":[{"href":"https:\/\/pilafestival.com\/english\/wp-json\/wp\/v2\/pages\/216"}],"collection":[{"href":"https:\/\/pilafestival.com\/english\/wp-json\/wp\/v2\/pages"}],"about":[{"href":"https:\/\/pilafestival.com\/english\/wp-json\/wp\/v2\/types\/page"}],"author":[{"embeddable":true,"href":"https:\/\/pilafestival.com\/english\/wp-json\/wp\/v2\/users\/1"}],"replies":[{"embeddable":true,"href":"https:\/\/pilafestival.com\/english\/wp-json\/wp\/v2\/comments?post=216"}],"version-history":[{"count":6,"href":"https:\/\/pilafestival.com\/english\/wp-json\/wp\/v2\/pages\/216\/revisions"}],"predecessor-version":[{"id":2037,"href":"https:\/\/pilafestival.com\/english\/wp-json\/wp\/v2\/pages\/216\/revisions\/2037"}],"wp:attachment":[{"href":"https:\/\/pilafestival.com\/english\/wp-json\/wp\/v2\/media?parent=216"}],"curies":[{"name":"wp","href":"https:\/\/api.w.org\/{rel}","templated":true}]}}